{"id":40,"date":"2015-01-15T05:42:01","date_gmt":"2015-01-15T05:42:01","guid":{"rendered":"http:\/\/46.101.110.163\/maxcorp\/eng\/\/?page_id=27"},"modified":"2026-04-02T16:14:47","modified_gmt":"2026-04-02T13:14:47","slug":"o-firmie","status":"publish","type":"page","link":"https:\/\/maxcorp.eu\/pl\/o-firmie\/","title":{"rendered":"O Firmie"},"content":{"rendered":"<p>[vc_row rt_row_background_width=&#8221;fullwidth&#8221; rt_row_content_width=&#8221;fullwidth&#8221; rt_row_style=&#8221;default-style&#8221; rt_row_height=&#8221;&#8221; rt_column_gaps=&#8221;&#8221; rt_row_shadows=&#8221;&#8221; rt_row_paddings=&#8221;true&#8221; rt_row_borders=&#8221;&#8221; rt_bg_effect=&#8221;classic&#8221; rt_transparent_bg=&#8221;false&#8221; rt_bg_image_repeat=&#8221;repeat&#8221; rt_bg_size=&#8221;cover&#8221; rt_bg_position=&#8221;right top&#8221; rt_bg_attachment=&#8221;scroll&#8221; rt_bg_layer=&#8221;&#8221; rt_bg_video_format=&#8221;self-hosted&#8221; rt_padding_bottom=&#8221;25&#8243; rt_padding_top=&#8221;0&#8243;][vc_column rt_col_paddings=&#8221;false&#8221; rt_wrp_col_paddings=&#8221;false&#8221; rt_column_shadow=&#8221;&#8221; rt_border_top=&#8221;&#8221; rt_border_bottom=&#8221;&#8221; rt_border_left=&#8221;&#8221; rt_border_right=&#8221;&#8221; rt_border_top_mobile=&#8221;&#8221; rt_border_bottom_mobile=&#8221;&#8221; rt_border_left_mobile=&#8221;&#8221; rt_border_right_mobile=&#8221;&#8221; rt_bg_image_repeat=&#8221;repeat&#8221; rt_bg_size=&#8221;auto auto&#8221; rt_bg_position=&#8221;right top&#8221; rt_bg_attachment=&#8221;scroll&#8221; rt_bg_color=&#8221;&#8221; rt_bg_overlay_color=&#8221;&#8221;]<div class=\"rt_heading_wrapper style-1\">\n\t\t\t\t\t\t<h2 class=\"rt_heading style-1\"  style=\"margin-top:0px;margin-bottom:10px;padding-top:0px;padding-bottom:0px;\">MAXCORP PLC \u2013 z Tob\u0105 od 1998 r.<\/h2>\n\t\t\t\t\t<\/div>[vc_column_text]<\/p>\n<p style=\"text-align: justify;\"><img decoding=\"async\" class=\"alignright wp-image-718\" src=\"https:\/\/maxcorp.eu\/eng\/wp-content\/uploads\/2015\/01\/office2.jpg\" alt=\"Office\" width=\"234\" height=\"156\" srcset=\"https:\/\/maxcorp.eu\/pl\/wp-content\/uploads\/2015\/01\/office2.jpg 640w, https:\/\/maxcorp.eu\/pl\/wp-content\/uploads\/2015\/01\/office2-300x200.jpg 300w\" sizes=\"(max-width: 234px) 100vw, 234px\" \/>Jeste\u015bmy zespo\u0142em prawnik\u00f3w specjalizuj\u0105cych si\u0119 w prawie handlowym i podatkowym \u2013 w tym w strukturach blockchain oraz licencjonowaniu us\u0142ug krypto dla podmiot\u00f3w CASP. Nasi starsi partnerzy zacz\u0119li prac\u0119 w prawie handlowym na pocz\u0105tku lat 90. Od tamtej pory zarejestrowali\u015bmy ponad 10 000 sp\u00f3\u0142ek w r\u00f3\u017cnych jurysdykcjach i pomogli\u015bmy setkom firm w wej\u015bciu na nowe rynki. Stawiamy na zdaln\u0105 rejestracj\u0119, dzi\u0119ki czemu oszcz\u0119dzamy czas naszych klient\u00f3w, a trudne przypadki traktujemy jako wyzwanie, kt\u00f3re lubimy rozwi\u0105zywa\u0107.<\/p>\n<p style=\"text-align: justify;\">Nasi prawnicy specjalizuj\u0105 si\u0119 w zak\u0142adaniu i obs\u0142udze struktur korporacyjnych w krajach ba\u0142tyckich i Skandynawii. Od 2017 r. rozwijamy obszar blockchain i licencjonowania us\u0142ug krypto \u2013 zaczynali\u015bmy w Estonii, kiedy unijna regulacja dopiero powstawa\u0142a. Jeste\u015bmy cz\u0142onkiem Esto\u0144skiego Stowarzyszenia Krypto i wsp\u00f3\u0142za\u0142o\u017cycielem Digital Assets Union. Nasi certyfikowani specjali\u015bci AML na co dzie\u0144 wspieraj\u0105 instytucje finansowe i podmioty CASP w spe\u0142nianiu wymog\u00f3w compliance.<\/p>\n<p style=\"text-align: justify;\">Siedziba g\u0142\u00f3wna MAXCORP mie\u015bci si\u0119 w Tallinnie \u2013 w stolicy Estonii, kraju UE uznawanego za lidera cyfrowych innowacji, z najwi\u0119ksz\u0105 liczb\u0105 jednoro\u017cc\u00f3w na mieszka\u0144ca i dziesi\u0119cioma kolejnymi latami na czele International Tax Competitiveness Index. Lokalne zespo\u0142y dzia\u0142aj\u0105 w Sztokholmie, Helsinkach, Oslo, Wilnie, Pradze i Warszawie, a partnerstwa utrzymujemy w g\u0142\u00f3wnych miastach Europy.<\/p>\n<p>[\/vc_column_text][\/vc_column][\/vc_row][vc_row rt_row_background_width=&#8221;fullwidth&#8221; rt_row_content_width=&#8221;fullwidth&#8221; rt_row_style=&#8221;default-style&#8221; rt_row_height=&#8221;&#8221; rt_column_gaps=&#8221;&#8221; rt_row_shadows=&#8221;&#8221; rt_row_paddings=&#8221;false&#8221; rt_row_borders=&#8221;&#8221; rt_bg_effect=&#8221;classic&#8221; rt_transparent_bg=&#8221;false&#8221; rt_bg_image_repeat=&#8221;repeat&#8221; rt_bg_size=&#8221;cover&#8221; rt_bg_position=&#8221;right top&#8221; rt_bg_attachment=&#8221;scroll&#8221; rt_bg_layer=&#8221;&#8221; rt_bg_video_format=&#8221;self-hosted&#8221;][vc_column rt_col_paddings=&#8221;false&#8221; rt_wrp_col_paddings=&#8221;false&#8221; rt_column_shadow=&#8221;&#8221; rt_border_top=&#8221;&#8221; rt_border_bottom=&#8221;&#8221; rt_border_left=&#8221;&#8221; rt_border_right=&#8221;&#8221; rt_border_top_mobile=&#8221;&#8221; rt_border_bottom_mobile=&#8221;&#8221; rt_border_left_mobile=&#8221;&#8221; rt_border_right_mobile=&#8221;&#8221; rt_bg_image_repeat=&#8221;repeat&#8221; rt_bg_size=&#8221;auto auto&#8221; rt_bg_position=&#8221;right top&#8221; rt_bg_attachment=&#8221;scroll&#8221; rt_bg_color=&#8221;&#8221; rt_bg_overlay_color=&#8221;&#8221;]<div class=\"rt_heading_wrapper style-1\">\n\t\t\t\t\t\t<h2 class=\"rt_heading style-1\"  style=\"margin-top:0px;margin-bottom:10px;padding-top:0px;padding-bottom:0px;\">Jak pracujemy<\/h2>\n\t\t\t\t\t<\/div>[vc_column_text]<\/p>\n<p style=\"text-align: justify;\">Zale\u017cy nam na tym, \u017ceby\u015b otrzyma\u0142 najlepsze rozwi\u0105zanie w najlepszej cenie \u2013 bez ukrytych koszt\u00f3w i bez zb\u0119dnego skomplikowania. Stawiamy na d\u0142ugoterminowe relacje i potwierdzamy to tym, jak dzia\u0142amy na co dzie\u0144. W pracy kierujemy si\u0119 kilkoma zasadami:<\/p>\n<p style=\"text-align: left;\">\t \n\t\t<div  class=\"bullet-list style-1  check\">\n\t\t<ul>\n<li>M\u00f3wimy wprost i dopasowujemy rozwi\u0105zania do Twojej sytuacji<\/li>\n<li>Dobieramy najlepsz\u0105 \u015bcie\u017ck\u0119 dzia\u0142ania i dbamy o precyzyjn\u0105 dokumentacj\u0119<\/li>\n<li>Szanujemy Tw\u00f3j czas i bud\u017cet<\/li>\n<li>Zachowujemy pe\u0142n\u0105 poufno\u015b\u0107<\/li>\n<li>Przejmujemy ca\u0142y proces \u2013 od pierwszego kroku do fina\u0142u<\/li>\n<\/ul>\n\n\t\t<\/div>\n\t\n[\/vc_column_text][\/vc_column][\/vc_row][vc_row rt_row_background_width=&#8221;fullwidth&#8221; rt_row_content_width=&#8221;fullwidth&#8221; rt_row_style=&#8221;default-style&#8221; rt_row_height=&#8221;&#8221; rt_column_gaps=&#8221;&#8221; rt_row_shadows=&#8221;&#8221; rt_row_paddings=&#8221;true&#8221; rt_row_borders=&#8221;&#8221; rt_bg_effect=&#8221;classic&#8221; rt_transparent_bg=&#8221;false&#8221; rt_bg_image_repeat=&#8221;repeat&#8221; rt_bg_size=&#8221;cover&#8221; rt_bg_position=&#8221;right top&#8221; rt_bg_attachment=&#8221;scroll&#8221; rt_bg_layer=&#8221;&#8221; rt_bg_video_format=&#8221;self-hosted&#8221; rt_padding_top=&#8221;15&#8243;][vc_column rt_col_paddings=&#8221;false&#8221; rt_wrp_col_paddings=&#8221;false&#8221; rt_column_shadow=&#8221;&#8221; rt_border_top=&#8221;&#8221; rt_border_bottom=&#8221;&#8221; rt_border_left=&#8221;&#8221; rt_border_right=&#8221;&#8221; rt_border_top_mobile=&#8221;&#8221; rt_border_bottom_mobile=&#8221;&#8221; rt_border_left_mobile=&#8221;&#8221; rt_border_right_mobile=&#8221;&#8221; rt_bg_image_repeat=&#8221;repeat&#8221; rt_bg_size=&#8221;auto auto&#8221; rt_bg_position=&#8221;right top&#8221; rt_bg_attachment=&#8221;scroll&#8221; rt_bg_color=&#8221;&#8221; rt_bg_overlay_color=&#8221;&#8221;]<div class=\"rt_heading_wrapper style-1\">\n\t\t\t\t\t\t<h2 class=\"rt_heading style-1\"  style=\"margin-top:0px;margin-bottom:10px;padding-top:0px;padding-bottom:0px;\">Zajmujemy si\u0119 wszystkim od A do Z<\/h2>\n\t\t\t\t\t<\/div>[vc_column_text]<\/p>\n<p style=\"text-align: justify;\">Znajdziemy rozwi\u0105zanie, kt\u00f3re odpowiada Twoim celom \u2013 i zajmiemy si\u0119 ca\u0142\u0105 reszt\u0105. Nasz zesp\u00f3\u0142 przejmuje kontakt z urz\u0119dami i instytucjami, pilnuje termin\u00f3w i dba o sprawny przebieg ca\u0142ego procesu przy minimalnym nak\u0142adzie czasu i koszt\u00f3w z Twojej strony. Dzia\u0142amy zdalnie, wi\u0119c nie musisz si\u0119 nigdzie fatygowa\u0107 \u2013 wszystko mo\u017cemy za\u0142atwi\u0107 bez Twojej fizycznej obecno\u015bci.<\/p>\n<p style=\"text-align: justify;\">Sp\u00f3\u0142ki tworzone na zam\u00f3wienie dostarczamy bez \u017cadnej wcze\u015bniejszej aktywno\u015bci ani transakcji. Ka\u017cda nowa sp\u00f3\u0142ka p\u00f3\u0142kowa obj\u0119ta jest gwarancj\u0105 czystego bilansu \u2013 nowy w\u0142a\u015bciciel zaczyna z czyst\u0105 kart\u0105. Mo\u017cesz te\u017c zapyta\u0107 o sp\u00f3\u0142ki z histori\u0105 \u2013 na przyk\u0142ad z dat\u0105 rejestracji sprzed kilku lat, dla kt\u00f3rych posiadamy pe\u0142n\u0105 dokumentacj\u0119 ksi\u0119gow\u0105. Dzia\u0142amy elastycznie i zawsze szukamy rozwi\u0105zania, kt\u00f3re najlepiej pasuje do Twojej sytuacji. Ch\u0119tnie porozmawiamy \u2013 <a href=\"https:\/\/maxcorp.eu\/pl\/kontakt\/\" target=\"_blank\" rel=\"noopener\">skontaktuj si\u0119 z nami, aby uzyska\u0107 wi\u0119cej informacji.<\/a><\/p>\n<p>[\/vc_column_text][\/vc_column][\/vc_row]<\/p>\n","protected":false},"excerpt":{"rendered":"<p>[vc_row rt_row_background_width=&#8221;fullwidth&#8221; rt_row_content_width=&#8221;fullwidth&#8221; rt_row_style=&#8221;default-style&#8221; rt_row_height=&#8221;&#8221; rt_column_gaps=&#8221;&#8221; rt_row_shadows=&#8221;&#8221; rt_row_paddings=&#8221;true&#8221; rt_row_borders=&#8221;&#8221; rt_bg_effect=&#8221;classic&#8221; rt_transparent_bg=&#8221;false&#8221; rt_bg_image_repeat=&#8221;repeat&#8221; rt_bg_size=&#8221;cover&#8221; rt_bg_position=&#8221;right top&#8221; rt_bg_attachment=&#8221;scroll&#8221; rt_bg_layer=&#8221;&#8221; rt_bg_video_format=&#8221;self-hosted&#8221; rt_padding_bottom=&#8221;25&#8243; rt_padding_top=&#8221;0&#8243;][vc_column rt_col_paddings=&#8221;false&#8221; rt_wrp_col_paddings=&#8221;false&#8221; rt_column_shadow=&#8221;&#8221; rt_border_top=&#8221;&#8221; rt_border_bottom=&#8221;&#8221; rt_border_left=&#8221;&#8221; rt_border_right=&#8221;&#8221; rt_border_top_mobile=&#8221;&#8221; rt_border_bottom_mobile=&#8221;&#8221; rt_border_left_mobile=&#8221;&#8221; rt_border_right_mobile=&#8221;&#8221; rt_bg_image_repeat=&#8221;repeat&#8221; rt_bg_size=&#8221;auto auto&#8221; rt_bg_position=&#8221;right top&#8221; rt_bg_attachment=&#8221;scroll&#8221; rt_bg_color=&#8221;&#8221; rt_bg_overlay_color=&#8221;&#8221;][vc_column_text] Jeste\u015bmy zespo\u0142em prawnik\u00f3w specjalizuj\u0105cych si\u0119 w prawie handlowym i podatkowym \u2013 w tym w strukturach blockchain [&hellip;]<\/p>\n","protected":false},"author":1,"featured_media":0,"parent":0,"menu_order":0,"comment_status":"open","ping_status":"open","template":"","meta":{"footnotes":""},"class_list":["post-40","page","type-page","status-publish","hentry"],"yoast_head":"<!-- This site is optimized with the Yoast SEO plugin v27.2 - https:\/\/yoast.com\/product\/yoast-seo-wordpress\/ -->\n<title>O Firmie<\/title>\n<meta name=\"description\" content=\"Profesjonalne biuro prawne \u2013 rejestracja i zak\u0142adanie sp\u00f3\u0142ek w Estonii, na \u0141otwie, Litwie, w Finlandii, Szwecji, Norwegii i Czechach.\" \/>\n<meta name=\"robots\" content=\"index, follow, max-snippet:-1, max-image-preview:large, max-video-preview:-1\" \/>\n<link rel=\"canonical\" href=\"https:\/\/maxcorp.eu\/pl\/o-firmie\/\" \/>\n<meta property=\"og:locale\" content=\"en_US\" \/>\n<meta property=\"og:type\" content=\"article\" \/>\n<meta property=\"og:title\" content=\"O Firmie\" \/>\n<meta property=\"og:description\" content=\"Profesjonalne biuro prawne \u2013 rejestracja i zak\u0142adanie sp\u00f3\u0142ek w Estonii, na \u0141otwie, Litwie, w Finlandii, Szwecji, Norwegii i Czechach.\" \/>\n<meta property=\"og:url\" content=\"https:\/\/maxcorp.eu\/pl\/o-firmie\/\" \/>\n<meta property=\"og:site_name\" content=\"MAXCORP PLC\" \/>\n<meta property=\"article:publisher\" content=\"https:\/\/www.facebook.com\/Maxcorp.Corporate\/\" \/>\n<meta property=\"article:modified_time\" content=\"2026-04-02T13:14:47+00:00\" \/>\n<meta property=\"og:image\" content=\"https:\/\/maxcorp.eu\/pl\/wp-content\/uploads\/2015\/01\/office2.jpg\" \/>\n\t<meta property=\"og:image:width\" content=\"640\" \/>\n\t<meta property=\"og:image:height\" content=\"427\" \/>\n\t<meta property=\"og:image:type\" content=\"image\/jpeg\" \/>\n<meta name=\"twitter:card\" content=\"summary_large_image\" \/>\n<meta name=\"twitter:label1\" content=\"Est. reading time\" \/>\n\t<meta name=\"twitter:data1\" content=\"3 minutes\" \/>\n<script type=\"application\/ld+json\" class=\"yoast-schema-graph\">{\"@context\":\"https:\/\/schema.org\",\"@graph\":[{\"@type\":\"WebPage\",\"@id\":\"https:\/\/maxcorp.eu\/pl\/o-firmie\/\",\"url\":\"https:\/\/maxcorp.eu\/pl\/o-firmie\/\",\"name\":\"O Firmie\",\"isPartOf\":{\"@id\":\"https:\/\/maxcorp.eu\/pl\/#website\"},\"primaryImageOfPage\":{\"@id\":\"https:\/\/maxcorp.eu\/pl\/o-firmie\/#primaryimage\"},\"image\":{\"@id\":\"https:\/\/maxcorp.eu\/pl\/o-firmie\/#primaryimage\"},\"thumbnailUrl\":\"https:\/\/maxcorp.eu\/eng\/wp-content\/uploads\/2015\/01\/office2.jpg\",\"datePublished\":\"2015-01-15T05:42:01+00:00\",\"dateModified\":\"2026-04-02T13:14:47+00:00\",\"description\":\"Profesjonalne biuro prawne \u2013 rejestracja i zak\u0142adanie sp\u00f3\u0142ek w Estonii, na \u0141otwie, Litwie, w Finlandii, Szwecji, Norwegii i Czechach.\",\"breadcrumb\":{\"@id\":\"https:\/\/maxcorp.eu\/pl\/o-firmie\/#breadcrumb\"},\"inLanguage\":\"en-US\",\"potentialAction\":[{\"@type\":\"ReadAction\",\"target\":[\"https:\/\/maxcorp.eu\/pl\/o-firmie\/\"]}]},{\"@type\":\"ImageObject\",\"inLanguage\":\"en-US\",\"@id\":\"https:\/\/maxcorp.eu\/pl\/o-firmie\/#primaryimage\",\"url\":\"https:\/\/maxcorp.eu\/eng\/wp-content\/uploads\/2015\/01\/office2.jpg\",\"contentUrl\":\"https:\/\/maxcorp.eu\/eng\/wp-content\/uploads\/2015\/01\/office2.jpg\"},{\"@type\":\"BreadcrumbList\",\"@id\":\"https:\/\/maxcorp.eu\/pl\/o-firmie\/#breadcrumb\",\"itemListElement\":[{\"@type\":\"ListItem\",\"position\":1,\"name\":\"Home\",\"item\":\"https:\/\/maxcorp.eu\/pl\/\"},{\"@type\":\"ListItem\",\"position\":2,\"name\":\"O Firmie\"}]},{\"@type\":\"WebSite\",\"@id\":\"https:\/\/maxcorp.eu\/pl\/#website\",\"url\":\"https:\/\/maxcorp.eu\/pl\/\",\"name\":\"MAXCORP PLC\",\"description\":\"Obs\u0142uga Korporacyjna\",\"publisher\":{\"@id\":\"https:\/\/maxcorp.eu\/pl\/#organization\"},\"potentialAction\":[{\"@type\":\"SearchAction\",\"target\":{\"@type\":\"EntryPoint\",\"urlTemplate\":\"https:\/\/maxcorp.eu\/pl\/?s={search_term_string}\"},\"query-input\":{\"@type\":\"PropertyValueSpecification\",\"valueRequired\":true,\"valueName\":\"search_term_string\"}}],\"inLanguage\":\"en-US\"},{\"@type\":\"Organization\",\"@id\":\"https:\/\/maxcorp.eu\/pl\/#organization\",\"name\":\"MAXCORP PLC\",\"url\":\"https:\/\/maxcorp.eu\/pl\/\",\"logo\":{\"@type\":\"ImageObject\",\"inLanguage\":\"en-US\",\"@id\":\"https:\/\/maxcorp.eu\/pl\/#\/schema\/logo\/image\/\",\"url\":\"https:\/\/maxcorp.eu\/pl\/wp-content\/uploads\/2025\/12\/logo-retina.webp\",\"contentUrl\":\"https:\/\/maxcorp.eu\/pl\/wp-content\/uploads\/2025\/12\/logo-retina.webp\",\"width\":960,\"height\":182,\"caption\":\"MAXCORP PLC\"},\"image\":{\"@id\":\"https:\/\/maxcorp.eu\/pl\/#\/schema\/logo\/image\/\"},\"sameAs\":[\"https:\/\/www.facebook.com\/Maxcorp.Corporate\/\",\"https:\/\/www.linkedin.com\/company\/maxcorpeu\",\"https:\/\/www.youtube.com\/@MAXCORP.Corporate\"]}]}<\/script>\n<!-- \/ Yoast SEO plugin. -->","yoast_head_json":{"title":"O Firmie","description":"Profesjonalne biuro prawne \u2013 rejestracja i zak\u0142adanie sp\u00f3\u0142ek w Estonii, na \u0141otwie, Litwie, w Finlandii, Szwecji, Norwegii i Czechach.","robots":{"index":"index","follow":"follow","max-snippet":"max-snippet:-1","max-image-preview":"max-image-preview:large","max-video-preview":"max-video-preview:-1"},"canonical":"https:\/\/maxcorp.eu\/pl\/o-firmie\/","og_locale":"en_US","og_type":"article","og_title":"O Firmie","og_description":"Profesjonalne biuro prawne \u2013 rejestracja i zak\u0142adanie sp\u00f3\u0142ek w Estonii, na \u0141otwie, Litwie, w Finlandii, Szwecji, Norwegii i Czechach.","og_url":"https:\/\/maxcorp.eu\/pl\/o-firmie\/","og_site_name":"MAXCORP PLC","article_publisher":"https:\/\/www.facebook.com\/Maxcorp.Corporate\/","article_modified_time":"2026-04-02T13:14:47+00:00","og_image":[{"width":640,"height":427,"url":"https:\/\/maxcorp.eu\/pl\/wp-content\/uploads\/2015\/01\/office2.jpg","type":"image\/jpeg"}],"twitter_card":"summary_large_image","twitter_misc":{"Est. reading time":"3 minutes"},"schema":{"@context":"https:\/\/schema.org","@graph":[{"@type":"WebPage","@id":"https:\/\/maxcorp.eu\/pl\/o-firmie\/","url":"https:\/\/maxcorp.eu\/pl\/o-firmie\/","name":"O Firmie","isPartOf":{"@id":"https:\/\/maxcorp.eu\/pl\/#website"},"primaryImageOfPage":{"@id":"https:\/\/maxcorp.eu\/pl\/o-firmie\/#primaryimage"},"image":{"@id":"https:\/\/maxcorp.eu\/pl\/o-firmie\/#primaryimage"},"thumbnailUrl":"https:\/\/maxcorp.eu\/eng\/wp-content\/uploads\/2015\/01\/office2.jpg","datePublished":"2015-01-15T05:42:01+00:00","dateModified":"2026-04-02T13:14:47+00:00","description":"Profesjonalne biuro prawne \u2013 rejestracja i zak\u0142adanie sp\u00f3\u0142ek w Estonii, na \u0141otwie, Litwie, w Finlandii, Szwecji, Norwegii i Czechach.","breadcrumb":{"@id":"https:\/\/maxcorp.eu\/pl\/o-firmie\/#breadcrumb"},"inLanguage":"en-US","potentialAction":[{"@type":"ReadAction","target":["https:\/\/maxcorp.eu\/pl\/o-firmie\/"]}]},{"@type":"ImageObject","inLanguage":"en-US","@id":"https:\/\/maxcorp.eu\/pl\/o-firmie\/#primaryimage","url":"https:\/\/maxcorp.eu\/eng\/wp-content\/uploads\/2015\/01\/office2.jpg","contentUrl":"https:\/\/maxcorp.eu\/eng\/wp-content\/uploads\/2015\/01\/office2.jpg"},{"@type":"BreadcrumbList","@id":"https:\/\/maxcorp.eu\/pl\/o-firmie\/#breadcrumb","itemListElement":[{"@type":"ListItem","position":1,"name":"Home","item":"https:\/\/maxcorp.eu\/pl\/"},{"@type":"ListItem","position":2,"name":"O Firmie"}]},{"@type":"WebSite","@id":"https:\/\/maxcorp.eu\/pl\/#website","url":"https:\/\/maxcorp.eu\/pl\/","name":"MAXCORP PLC","description":"Obs\u0142uga Korporacyjna","publisher":{"@id":"https:\/\/maxcorp.eu\/pl\/#organization"},"potentialAction":[{"@type":"SearchAction","target":{"@type":"EntryPoint","urlTemplate":"https:\/\/maxcorp.eu\/pl\/?s={search_term_string}"},"query-input":{"@type":"PropertyValueSpecification","valueRequired":true,"valueName":"search_term_string"}}],"inLanguage":"en-US"},{"@type":"Organization","@id":"https:\/\/maxcorp.eu\/pl\/#organization","name":"MAXCORP PLC","url":"https:\/\/maxcorp.eu\/pl\/","logo":{"@type":"ImageObject","inLanguage":"en-US","@id":"https:\/\/maxcorp.eu\/pl\/#\/schema\/logo\/image\/","url":"https:\/\/maxcorp.eu\/pl\/wp-content\/uploads\/2025\/12\/logo-retina.webp","contentUrl":"https:\/\/maxcorp.eu\/pl\/wp-content\/uploads\/2025\/12\/logo-retina.webp","width":960,"height":182,"caption":"MAXCORP PLC"},"image":{"@id":"https:\/\/maxcorp.eu\/pl\/#\/schema\/logo\/image\/"},"sameAs":["https:\/\/www.facebook.com\/Maxcorp.Corporate\/","https:\/\/www.linkedin.com\/company\/maxcorpeu","https:\/\/www.youtube.com\/@MAXCORP.Corporate"]}]}},"_links":{"self":[{"href":"https:\/\/maxcorp.eu\/pl\/wp-json\/wp\/v2\/pages\/40","targetHints":{"allow":["GET"]}}],"collection":[{"href":"https:\/\/maxcorp.eu\/pl\/wp-json\/wp\/v2\/pages"}],"about":[{"href":"https:\/\/maxcorp.eu\/pl\/wp-json\/wp\/v2\/types\/page"}],"author":[{"embeddable":true,"href":"https:\/\/maxcorp.eu\/pl\/wp-json\/wp\/v2\/users\/1"}],"replies":[{"embeddable":true,"href":"https:\/\/maxcorp.eu\/pl\/wp-json\/wp\/v2\/comments?post=40"}],"version-history":[{"count":115,"href":"https:\/\/maxcorp.eu\/pl\/wp-json\/wp\/v2\/pages\/40\/revisions"}],"predecessor-version":[{"id":38238,"href":"https:\/\/maxcorp.eu\/pl\/wp-json\/wp\/v2\/pages\/40\/revisions\/38238"}],"wp:attachment":[{"href":"https:\/\/maxcorp.eu\/pl\/wp-json\/wp\/v2\/media?parent=40"}],"curies":[{"name":"wp","href":"https:\/\/api.w.org\/{rel}","templated":true}]}}