{"id":3585,"date":"2019-07-19T05:15:00","date_gmt":"2019-07-19T02:15:00","guid":{"rendered":"https:\/\/maxcorp.eu\/pl\/?page_id=3585"},"modified":"2026-04-02T16:08:39","modified_gmt":"2026-04-02T13:08:39","slug":"kontakt","status":"publish","type":"page","link":"https:\/\/maxcorp.eu\/pl\/kontakt\/","title":{"rendered":"Dane Kontaktowe"},"content":{"rendered":"<p>[vc_row rt_row_background_width=&#8221;fullwidth&#8221; rt_row_content_width=&#8221;default&#8221; rt_row_style=&#8221;default-style&#8221; rt_row_height=&#8221;&#8221; rt_column_gaps=&#8221;&#8221; rt_row_shadows=&#8221;&#8221; rt_row_paddings=&#8221;true&#8221; rt_row_borders=&#8221;&#8221; rt_bg_effect=&#8221;classic&#8221; rt_transparent_bg=&#8221;false&#8221; rt_bg_image_repeat=&#8221;repeat&#8221; rt_bg_size=&#8221;cover&#8221; rt_bg_position=&#8221;right top&#8221; rt_bg_attachment=&#8221;scroll&#8221; rt_bg_layer=&#8221;&#8221; rt_bg_video_format=&#8221;self-hosted&#8221; rt_padding_bottom=&#8221;40&#8243; rt_padding_top=&#8221;15&#8243;][vc_column rt_col_paddings=&#8221;true&#8221; rt_wrp_col_paddings=&#8221;false&#8221; rt_column_shadow=&#8221;&#8221; rt_border_top=&#8221;&#8221; rt_border_bottom=&#8221;true&#8221; rt_border_left=&#8221;&#8221; rt_border_right=&#8221;&#8221; rt_border_top_mobile=&#8221;&#8221; rt_border_bottom_mobile=&#8221;&#8221; rt_border_left_mobile=&#8221;&#8221; rt_border_right_mobile=&#8221;&#8221; rt_bg_image_repeat=&#8221;repeat&#8221; rt_bg_size=&#8221;auto auto&#8221; rt_bg_position=&#8221;right top&#8221; rt_bg_attachment=&#8221;scroll&#8221; rt_bg_color=&#8221;&#8221; rt_bg_overlay_color=&#8221;&#8221;]<div class=\"rt_heading_wrapper\">\n\t\t\t\t\t\t<h5 class=\"rt_heading\"  style=\"line-height:140%;margin-bottom:10px;\">Ch\u0119tnie porozmawiamy! Napisz do nas, zadzwo\u0144 lub wype\u0142nij formularz, a my skontaktujemy Ci\u0119 z odpowiednim specjalist\u0105. Nasz zesp\u00f3\u0142 jest do Twojej dyspozycji i pomo\u017ce znale\u017a\u0107 rozwi\u0105zanie dopasowane do Twoich potrzeb \u2013 szybko i bez zb\u0119dnych formalno\u015bci.<\/h5>\n\t\t\t\t\t<\/div>[\/vc_column][\/vc_row][vc_row rt_row_background_width=&#8221;default&#8221; rt_row_style=&#8221;default-style&#8221; rt_row_height=&#8221;&#8221; rt_column_view=&#8221;grid&#8221; rt_column_gaps=&#8221;&#8221; rt_row_shadows=&#8221;&#8221; rt_row_paddings=&#8221;true&#8221; rt_row_borders=&#8221;&#8221; rt_bg_effect=&#8221;classic&#8221; rt_transparent_bg=&#8221;true&#8221; rt_bg_image_repeat=&#8221;repeat&#8221; rt_bg_size=&#8221;cover&#8221; rt_bg_position=&#8221;right top&#8221; rt_bg_attachment=&#8221;scroll&#8221; rt_bg_layer=&#8221;&#8221; rt_bg_video_format=&#8221;self-hosted&#8221; rt_padding_top=&#8221;15&#8243;][vc_column width=&#8221;1\/3&#8243; rt_col_paddings=&#8221;true&#8221; rt_wrp_col_paddings=&#8221;false&#8221; rt_column_shadow=&#8221;&#8221; rt_border_top=&#8221;&#8221; rt_border_bottom=&#8221;&#8221; rt_border_left=&#8221;&#8221; rt_border_right=&#8221;&#8221; rt_border_top_mobile=&#8221;&#8221; rt_border_bottom_mobile=&#8221;&#8221; rt_border_left_mobile=&#8221;&#8221; rt_border_right_mobile=&#8221;&#8221; rt_bg_holder=&#8221;wrapper&#8221; rt_bg_image_repeat=&#8221;repeat&#8221; rt_bg_size=&#8221;auto auto&#8221; rt_bg_position=&#8221;right top&#8221; rt_bg_attachment=&#8221;scroll&#8221; rt_bg_color=&#8221;#ffffff&#8221; rt_bg_overlay_color=&#8221;&#8221; rt_padding_top=&#8221;0&#8243; rt_padding_bottom=&#8221;40&#8243;]<div class=\"rt_heading_wrapper\">\n\t\t\t\t\t\t<h4 class=\"rt_heading\"  style=\"margin-bottom:20px;padding-bottom:0px;\"><span class=\"icon-ava-phone1 heading_icon\"><\/span>Dane kontaktowe<\/h4>\n\t\t\t\t\t<\/div>[vc_column_text el_class=&#8221;margin-b0&#8243;]Napisz do nas e-mailem lub zadzwo\u0144 \u2014 po\u0142\u0105czymy Ci\u0119 z country managerem odpowiedzialnym za Twoj\u0105 jurysdykcj\u0119.[\/vc_column_text][vc_separator style=&#8221;style-4&#8243; margin_top=&#8221;20&#8243; margin_bottom=&#8221;20&#8243;]\t \n\t\t<div  class=\"with_icons style-4 \">\n\t\t\t \n\t\t<div  >\n\t\t<span class=\"icon-mail icon\"><\/span><div class=\"list-content\"><p><a class=\"contact-link\" href=\"mailto:kontakt@maxcorp.eu\" target=\"_blank\" rel=\"noopener\">Napisz na kontakt@maxcorp.eu<\/a><\/p>\n<\/div>\n\t\t<\/div>\n\t\t \n\t\t<div  >\n\t\t<span class=\"icon-ava-phone2 icon\"><\/span><div class=\"list-content\"><p><a class=\"contact-link\" href=\"tel:+48732125670\" target=\"_blank\" rel=\"noopener\">Zadzwo\u0144 do nas: (+48) 732 125 670<\/a><\/p>\n<\/div>\n\t\t<\/div>\n\t\t \n\t\t<div  >\n\t\t<span class=\"icon-chat-empty icon\"><\/span><div class=\"list-content\"><p><a class=\"contact-link\" href=\"https:\/\/api.whatsapp.com\/send?phone=48732125670&amp;text=Cze%C5%9B%C4%87.%20Jestem%20zainteresowany%20wi%C4%99ksz%C4%85%20ilo%C5%9Bci%C4%85%20informacji%20na%20temat%20waszych%20us%C5%82ug\" target=\"_blank\" rel=\"noopener\">Rozpocznij czat na WhatsApp<\/a><\/p>\n<\/div>\n\t\t<\/div>\n\t\n\t\t<\/div>\n\t[vc_separator style=&#8221;style-4&#8243; margin_top=&#8221;20&#8243; margin_bottom=&#8221;20&#8243;]\t \n\t\t<div  class=\"with_icons style-4 \">\n\t\t\t \n\t\t<div  >\n\t\t<span class=\"icon-ava-direction2 icon\"><\/span><div class=\"list-content\"><p>MAXCORP PLC<br \/>\nZarejestrowany znak towarowy UE nr 017917690<br \/>\nLicencja dzia\u0142alno\u015bci FIU nr FIU000348<br \/>\nBiuro G\u0142\u00f3wne: Tornim\u00e4e Business Center<br \/>\nul. Tornim\u00e4e 5, Tallinn, 10145, Estonia<\/p>\n<\/div>\n\t\t<\/div>\n\t\t \n\t\t<div  >\n\t\t<span class=\"icon-ava-share3 icon\"><\/span><div class=\"list-content\"><p><a href=\"https:\/\/www.linkedin.com\/company\/maxcorpeu\" target=\"_blank\" rel=\"noopener\">LinkedIn<\/a> | <a href=\"https:\/\/www.facebook.com\/Maxcorp.Corporate\/\" target=\"_blank\" rel=\"noopener\">Facebook<\/a> | <a href=\"https:\/\/www.youtube.com\/@MAXCORP.Corporate\" target=\"_blank\" rel=\"noopener\">YouTube<\/a><\/p>\n<\/div>\n\t\t<\/div>\n\t\t \n\t\t<div  >\n\t\t<span class=\"icon-ava-lock2 icon\"><\/span><div class=\"list-content\"><p>Godziny pracy: pn\u2013pt, 9:00\u201317:00<\/p>\n<\/div>\n\t\t<\/div>\n\t\t \n\t\t<div  >\n\t\t<span class=\"icon-ava-clock2 icon\"><\/span><div class=\"list-content\"><p>Strefa czasowa: <a href=\"https:\/\/time.is\/CET\" target=\"_blank\" rel=\"noopener noreferrer\">CET<\/a><\/p>\n<\/div>\n\t\t<\/div>\n\t\n\t\t<\/div>\n\t[\/vc_column][vc_column width=&#8221;1\/3&#8243; rt_col_paddings=&#8221;true&#8221; rt_wrp_col_paddings=&#8221;false&#8221; rt_column_shadow=&#8221;&#8221; rt_border_top=&#8221;&#8221; rt_border_bottom=&#8221;&#8221; rt_border_left=&#8221;&#8221; rt_border_right=&#8221;&#8221; rt_border_top_mobile=&#8221;&#8221; rt_border_bottom_mobile=&#8221;&#8221; rt_border_left_mobile=&#8221;&#8221; rt_border_right_mobile=&#8221;&#8221; rt_bg_image_repeat=&#8221;repeat&#8221; rt_bg_size=&#8221;auto auto&#8221; rt_bg_position=&#8221;right top&#8221; rt_bg_attachment=&#8221;scroll&#8221; rt_bg_color=&#8221;#ffffff&#8221; rt_bg_overlay_color=&#8221;&#8221; rt_padding_top=&#8221;0&#8243; rt_padding_bottom=&#8221;40&#8243;]<div class=\"rt_heading_wrapper\">\n\t\t\t\t\t\t<h4 class=\"rt_heading\"  style=\"margin-bottom:20px;padding-bottom:0px;\"><span class=\"icon-mail heading_icon\"><\/span>Formularz kontaktowy<\/h4>\n\t\t\t\t\t<\/div>[vc_column_text el_class=&#8221;margin-b0&#8243;]<\/p>\n<p>Wype\u0142nij formularz, a nasz zesp\u00f3\u0142 odpowie najcz\u0119\u015bciej w ci\u0105gu jednego dnia roboczego. Mo\u017cesz te\u017c od razu poda\u0107 kraj, w kt\u00f3rym chcesz za\u0142o\u017cy\u0107 sp\u00f3\u0142k\u0119, oraz liczb\u0119 uczestnik\u00f3w struktury \u2013 przyspieszy to przygotowanie wyceny.<\/p>\n<p>[\/vc_column_text][vc_separator style=&#8221;style-4&#8243; margin_top=&#8221;20&#8243; margin_bottom=&#8221;35&#8243;]\n<div class=\"wpcf7 no-js\" id=\"wpcf7-f7-o1\" lang=\"en-US\" dir=\"ltr\" data-wpcf7-id=\"7\">\n<div class=\"screen-reader-response\"><p role=\"status\" aria-live=\"polite\" aria-atomic=\"true\"><\/p> <ul><\/ul><\/div>\n<form action=\"\/pl\/wp-json\/wp\/v2\/pages\/3585#wpcf7-f7-o1\" method=\"post\" class=\"wpcf7-form init\" aria-label=\"Contact form\" novalidate=\"novalidate\" data-status=\"init\">\n<fieldset class=\"hidden-fields-container\"><input type=\"hidden\" name=\"_wpcf7\" value=\"7\" \/><input type=\"hidden\" name=\"_wpcf7_version\" value=\"6.1.5\" \/><input type=\"hidden\" name=\"_wpcf7_locale\" value=\"en_US\" \/><input type=\"hidden\" name=\"_wpcf7_unit_tag\" value=\"wpcf7-f7-o1\" \/><input type=\"hidden\" name=\"_wpcf7_container_post\" value=\"0\" \/><input type=\"hidden\" name=\"_wpcf7_posted_data_hash\" value=\"\" \/><input type=\"hidden\" name=\"_wpcf7_recaptcha_response\" value=\"\" \/>\n<\/fieldset>\n<div class=\"rt_form\">\n\t<ul>\n\t\t<li class=\"form-input\">\n\t\t\t<p><label><span class=\"wpcf7-form-control-wrap\" data-name=\"yourname\"><input size=\"40\" maxlength=\"400\" class=\"wpcf7-form-control wpcf7-text\" aria-invalid=\"false\" placeholder=\"Imi\u0119 i nazwisko\" value=\"\" type=\"text\" name=\"yourname\" \/><\/span><\/label>\n\t\t\t<\/p>\n\t\t<\/li>\n\t\t<li class=\"form-input\">\n\t\t\t<p><label><span class=\"wpcf7-form-control-wrap\" data-name=\"email\"><input size=\"40\" maxlength=\"400\" class=\"wpcf7-form-control wpcf7-email wpcf7-validates-as-required wpcf7-text wpcf7-validates-as-email\" aria-required=\"true\" aria-invalid=\"false\" placeholder=\"E-mail *\" value=\"\" type=\"email\" name=\"email\" \/><\/span><\/label>\n\t\t\t<\/p>\n\t\t<\/li>\n\t\t<li class=\"form-input\">\n\t\t\t<p><label><span class=\"wpcf7-form-control-wrap\" data-name=\"telephone\"><input size=\"40\" maxlength=\"400\" class=\"wpcf7-form-control wpcf7-text\" aria-invalid=\"false\" placeholder=\"Telefon\" value=\"\" type=\"text\" name=\"telephone\" \/><\/span><\/label>\n\t\t\t<\/p>\n\t\t<\/li>\n\t\t<li class=\"form-input\">\n\t\t\t<p><label><span class=\"wpcf7-form-control-wrap\" data-name=\"message\"><textarea cols=\"2\" rows=\"6\" maxlength=\"2000\" class=\"wpcf7-form-control wpcf7-textarea wpcf7-validates-as-required\" aria-required=\"true\" aria-invalid=\"false\" placeholder=\"Twoja wiadomo\u015b\u0107 *\" name=\"message\"><\/textarea><\/span><\/label>\n\t\t\t<\/p>\n\t\t<\/li>\n\t\t<li class=\"submit-button\">\n\t\t\t<p><input class=\"wpcf7-form-control wpcf7-submit has-spinner\" type=\"submit\" value=\"Wy\u015blij teraz\" \/>\n\t\t\t<\/p>\n\t\t<\/li>\n\t<\/ul>\n<\/div><div class=\"wpcf7-response-output\" aria-hidden=\"true\"><\/div>\n<\/form>\n<\/div>\n[\/vc_column][vc_column width=&#8221;1\/3&#8243; rt_col_paddings=&#8221;true&#8221; rt_wrp_col_paddings=&#8221;false&#8221; rt_column_shadow=&#8221;&#8221; rt_border_top=&#8221;&#8221; rt_border_bottom=&#8221;&#8221; rt_border_left=&#8221;&#8221; rt_border_right=&#8221;&#8221; rt_border_top_mobile=&#8221;&#8221; rt_border_bottom_mobile=&#8221;&#8221; rt_border_left_mobile=&#8221;&#8221; rt_border_right_mobile=&#8221;&#8221; rt_bg_image_repeat=&#8221;repeat&#8221; rt_bg_size=&#8221;auto auto&#8221; rt_bg_position=&#8221;right top&#8221; rt_bg_attachment=&#8221;scroll&#8221; rt_bg_color=&#8221;#ffffff&#8221; rt_bg_overlay_color=&#8221;&#8221; rt_padding_top=&#8221;0&#8243; rt_padding_bottom=&#8221;40&#8243;]<div class=\"rt_heading_wrapper\">\n\t\t\t\t\t\t<h4 class=\"rt_heading\"  style=\"margin-bottom:20px;padding-bottom:0px;\"><span class=\"icon-ava-direction1 heading_icon\"><\/span>Lokalizacje biur<\/h4>\n\t\t\t\t\t<\/div>[vc_column_text el_class=&#8221;margin-b0&#8243;]Nasze biura znajduj\u0105 si\u0119 w stolicach obs\u0142ugiwanych kraj\u00f3w. Prosimy o wcze\u015bniejsze um\u00f3wienie wizyty.[\/vc_column_text][vc_separator style=&#8221;style-4&#8243; margin_top=&#8221;20&#8243; margin_bottom=&#8221;20&#8243;]<div class=\"google_map_holder\" data-height=\"520\" data-scope=\"#map-717959\" data-bw=\"yes\">\n\n\t\t\t<div id=\"map-717959\" class=\"google_map\"><\/div>\n\t\t\t<script type=\"text\/javascript\">\n\t\t\t \/* <![CDATA[ *\/ \n\t\t\t\t\/\/ Runs google maps\t\n\t\t\t\t\tjQuery(function() {\n\t\t\t\t\t\tjQuery(\"#map-717959\").rt_maps([[\"Estonia\", 59.4329575, 24.7607193, 4,\"MAXCORP Tallinn Office<br \/>Tornim\u00e4e 5, 10145 Tallinn, Estonia\"],[\"Latvia\", 56.9493977, 24.1051846, 4,\"MAXCORP Riga Office<br \/>Aspazijas bulv\u0101ris 20, LV-1050 Riga, Latvia\"],[\"Lithuania\", 54.6962, 25.2768, 4,\"MAXCORP Vilnius Office<br \/>Konstitucijos pr. 7, Vilnius LT-09308, Lithuania\"],[\"Finland\", 60.1683, 24.9324, 4,\"MAXCORP Helsinki Office<br \/>Urho Kekkosen katu 4-6E, 00100 Helsinki, Finland\"],[\"Sweden\", 59.3326, 18.0649, 4,\"MAXCORP Stockholm Office<br \/>Kammakargatan 47, 11124 Stockholm, Sweden\"],[\"Norway\", 59.930746, 10.712075, 4,\"MAXCORP Oslo Office<br \/>S\u00f8rkedalsveien 5C, 0369 Oslo, Norway\"],[\"Poland\", 52.2334, 21.0016, 4,\"MAXCORP Warsaw Office<br \/>Ul. Emilii Plater 53, 00-113 Warsaw, Poland\"],[\"Czech Republic\", 50.0849, 14.4186, 4,\"MAXCORP Prague Office<br \/>Na Per\u0161t\u00fdn\u011b 342\/1, 1, 11000 Prague, Czech Republic\"],],4); \n\t\t\t\t\t});\n\t\t\t\/* ]]> *\/\t\n\t\t\t<\/script>\n\n\t\t<\/div>[vc_separator style=&#8221;style-4&#8243; margin_top=&#8221;20&#8243; margin_bottom=&#8221;20&#8243;][\/vc_column][\/vc_row]<\/p>\n","protected":false},"excerpt":{"rendered":"<p>[vc_row rt_row_background_width=&#8221;fullwidth&#8221; rt_row_content_width=&#8221;default&#8221; rt_row_style=&#8221;default-style&#8221; rt_row_height=&#8221;&#8221; rt_column_gaps=&#8221;&#8221; rt_row_shadows=&#8221;&#8221; rt_row_paddings=&#8221;true&#8221; rt_row_borders=&#8221;&#8221; rt_bg_effect=&#8221;classic&#8221; rt_transparent_bg=&#8221;false&#8221; rt_bg_image_repeat=&#8221;repeat&#8221; rt_bg_size=&#8221;cover&#8221; rt_bg_position=&#8221;right top&#8221; rt_bg_attachment=&#8221;scroll&#8221; rt_bg_layer=&#8221;&#8221; rt_bg_video_format=&#8221;self-hosted&#8221; rt_padding_bottom=&#8221;40&#8243; rt_padding_top=&#8221;15&#8243;][vc_column rt_col_paddings=&#8221;true&#8221; rt_wrp_col_paddings=&#8221;false&#8221; rt_column_shadow=&#8221;&#8221; rt_border_top=&#8221;&#8221; rt_border_bottom=&#8221;true&#8221; rt_border_left=&#8221;&#8221; rt_border_right=&#8221;&#8221; rt_border_top_mobile=&#8221;&#8221; rt_border_bottom_mobile=&#8221;&#8221; rt_border_left_mobile=&#8221;&#8221; rt_border_right_mobile=&#8221;&#8221; rt_bg_image_repeat=&#8221;repeat&#8221; rt_bg_size=&#8221;auto auto&#8221; rt_bg_position=&#8221;right top&#8221; rt_bg_attachment=&#8221;scroll&#8221; rt_bg_color=&#8221;&#8221; rt_bg_overlay_color=&#8221;&#8221;][\/vc_column][\/vc_row][vc_row rt_row_background_width=&#8221;default&#8221; rt_row_style=&#8221;default-style&#8221; rt_row_height=&#8221;&#8221; rt_column_view=&#8221;grid&#8221; rt_column_gaps=&#8221;&#8221; rt_row_shadows=&#8221;&#8221; rt_row_paddings=&#8221;true&#8221; rt_row_borders=&#8221;&#8221; rt_bg_effect=&#8221;classic&#8221; rt_transparent_bg=&#8221;true&#8221; rt_bg_image_repeat=&#8221;repeat&#8221; rt_bg_size=&#8221;cover&#8221; rt_bg_position=&#8221;right top&#8221; rt_bg_attachment=&#8221;scroll&#8221; rt_bg_layer=&#8221;&#8221; [&hellip;]<\/p>\n","protected":false},"author":1,"featured_media":0,"parent":0,"menu_order":0,"comment_status":"closed","ping_status":"closed","template":"","meta":{"footnotes":""},"class_list":["post-3585","page","type-page","status-publish","hentry"],"yoast_head":"<!-- This site is optimized with the Yoast SEO plugin v27.2 - https:\/\/yoast.com\/product\/yoast-seo-wordpress\/ -->\n<title>Dane Kontaktowe MAXCORP PLC.<\/title>\n<meta name=\"description\" content=\"Skontaktuj si\u0119 z nami w sprawie profesjonalnych us\u0142ug korporacyjnych. Czekamy na Tw\u00f3j kontakt - daj nam zna\u0107, w czym mo\u017cemy pom\u00f3c.\" \/>\n<meta name=\"robots\" content=\"index, follow, max-snippet:-1, max-image-preview:large, max-video-preview:-1\" \/>\n<link rel=\"canonical\" href=\"https:\/\/maxcorp.eu\/pl\/kontakt\/\" \/>\n<meta property=\"og:locale\" content=\"en_US\" \/>\n<meta property=\"og:type\" content=\"article\" \/>\n<meta property=\"og:title\" content=\"Dane Kontaktowe MAXCORP PLC.\" \/>\n<meta property=\"og:description\" content=\"Skontaktuj si\u0119 z nami w sprawie profesjonalnych us\u0142ug korporacyjnych. Czekamy na Tw\u00f3j kontakt - daj nam zna\u0107, w czym mo\u017cemy pom\u00f3c.\" \/>\n<meta property=\"og:url\" content=\"https:\/\/maxcorp.eu\/pl\/kontakt\/\" \/>\n<meta property=\"og:site_name\" content=\"MAXCORP PLC\" \/>\n<meta property=\"article:publisher\" content=\"https:\/\/www.facebook.com\/Maxcorp.Corporate\/\" \/>\n<meta property=\"article:modified_time\" content=\"2026-04-02T13:08:39+00:00\" \/>\n<meta name=\"twitter:card\" content=\"summary_large_image\" \/>\n<meta name=\"twitter:label1\" content=\"Est. reading time\" \/>\n\t<meta name=\"twitter:data1\" content=\"3 minutes\" \/>\n<script type=\"application\/ld+json\" class=\"yoast-schema-graph\">{\"@context\":\"https:\/\/schema.org\",\"@graph\":[{\"@type\":\"WebPage\",\"@id\":\"https:\/\/maxcorp.eu\/pl\/kontakt\/\",\"url\":\"https:\/\/maxcorp.eu\/pl\/kontakt\/\",\"name\":\"Dane Kontaktowe MAXCORP PLC.\",\"isPartOf\":{\"@id\":\"https:\/\/maxcorp.eu\/pl\/#website\"},\"datePublished\":\"2019-07-19T02:15:00+00:00\",\"dateModified\":\"2026-04-02T13:08:39+00:00\",\"description\":\"Skontaktuj si\u0119 z nami w sprawie profesjonalnych us\u0142ug korporacyjnych. Czekamy na Tw\u00f3j kontakt - daj nam zna\u0107, w czym mo\u017cemy pom\u00f3c.\",\"breadcrumb\":{\"@id\":\"https:\/\/maxcorp.eu\/pl\/kontakt\/#breadcrumb\"},\"inLanguage\":\"en-US\",\"potentialAction\":[{\"@type\":\"ReadAction\",\"target\":[\"https:\/\/maxcorp.eu\/pl\/kontakt\/\"]}]},{\"@type\":\"BreadcrumbList\",\"@id\":\"https:\/\/maxcorp.eu\/pl\/kontakt\/#breadcrumb\",\"itemListElement\":[{\"@type\":\"ListItem\",\"position\":1,\"name\":\"Home\",\"item\":\"https:\/\/maxcorp.eu\/pl\/\"},{\"@type\":\"ListItem\",\"position\":2,\"name\":\"Dane Kontaktowe\"}]},{\"@type\":\"WebSite\",\"@id\":\"https:\/\/maxcorp.eu\/pl\/#website\",\"url\":\"https:\/\/maxcorp.eu\/pl\/\",\"name\":\"MAXCORP PLC\",\"description\":\"Obs\u0142uga Korporacyjna\",\"publisher\":{\"@id\":\"https:\/\/maxcorp.eu\/pl\/#organization\"},\"potentialAction\":[{\"@type\":\"SearchAction\",\"target\":{\"@type\":\"EntryPoint\",\"urlTemplate\":\"https:\/\/maxcorp.eu\/pl\/?s={search_term_string}\"},\"query-input\":{\"@type\":\"PropertyValueSpecification\",\"valueRequired\":true,\"valueName\":\"search_term_string\"}}],\"inLanguage\":\"en-US\"},{\"@type\":\"Organization\",\"@id\":\"https:\/\/maxcorp.eu\/pl\/#organization\",\"name\":\"MAXCORP PLC\",\"url\":\"https:\/\/maxcorp.eu\/pl\/\",\"logo\":{\"@type\":\"ImageObject\",\"inLanguage\":\"en-US\",\"@id\":\"https:\/\/maxcorp.eu\/pl\/#\/schema\/logo\/image\/\",\"url\":\"https:\/\/maxcorp.eu\/pl\/wp-content\/uploads\/2025\/12\/logo-retina.webp\",\"contentUrl\":\"https:\/\/maxcorp.eu\/pl\/wp-content\/uploads\/2025\/12\/logo-retina.webp\",\"width\":960,\"height\":182,\"caption\":\"MAXCORP PLC\"},\"image\":{\"@id\":\"https:\/\/maxcorp.eu\/pl\/#\/schema\/logo\/image\/\"},\"sameAs\":[\"https:\/\/www.facebook.com\/Maxcorp.Corporate\/\",\"https:\/\/www.linkedin.com\/company\/maxcorpeu\",\"https:\/\/www.youtube.com\/@MAXCORP.Corporate\"]}]}<\/script>\n<!-- \/ Yoast SEO plugin. -->","yoast_head_json":{"title":"Dane Kontaktowe MAXCORP PLC.","description":"Skontaktuj si\u0119 z nami w sprawie profesjonalnych us\u0142ug korporacyjnych. Czekamy na Tw\u00f3j kontakt - daj nam zna\u0107, w czym mo\u017cemy pom\u00f3c.","robots":{"index":"index","follow":"follow","max-snippet":"max-snippet:-1","max-image-preview":"max-image-preview:large","max-video-preview":"max-video-preview:-1"},"canonical":"https:\/\/maxcorp.eu\/pl\/kontakt\/","og_locale":"en_US","og_type":"article","og_title":"Dane Kontaktowe MAXCORP PLC.","og_description":"Skontaktuj si\u0119 z nami w sprawie profesjonalnych us\u0142ug korporacyjnych. Czekamy na Tw\u00f3j kontakt - daj nam zna\u0107, w czym mo\u017cemy pom\u00f3c.","og_url":"https:\/\/maxcorp.eu\/pl\/kontakt\/","og_site_name":"MAXCORP PLC","article_publisher":"https:\/\/www.facebook.com\/Maxcorp.Corporate\/","article_modified_time":"2026-04-02T13:08:39+00:00","twitter_card":"summary_large_image","twitter_misc":{"Est. reading time":"3 minutes"},"schema":{"@context":"https:\/\/schema.org","@graph":[{"@type":"WebPage","@id":"https:\/\/maxcorp.eu\/pl\/kontakt\/","url":"https:\/\/maxcorp.eu\/pl\/kontakt\/","name":"Dane Kontaktowe MAXCORP PLC.","isPartOf":{"@id":"https:\/\/maxcorp.eu\/pl\/#website"},"datePublished":"2019-07-19T02:15:00+00:00","dateModified":"2026-04-02T13:08:39+00:00","description":"Skontaktuj si\u0119 z nami w sprawie profesjonalnych us\u0142ug korporacyjnych. Czekamy na Tw\u00f3j kontakt - daj nam zna\u0107, w czym mo\u017cemy pom\u00f3c.","breadcrumb":{"@id":"https:\/\/maxcorp.eu\/pl\/kontakt\/#breadcrumb"},"inLanguage":"en-US","potentialAction":[{"@type":"ReadAction","target":["https:\/\/maxcorp.eu\/pl\/kontakt\/"]}]},{"@type":"BreadcrumbList","@id":"https:\/\/maxcorp.eu\/pl\/kontakt\/#breadcrumb","itemListElement":[{"@type":"ListItem","position":1,"name":"Home","item":"https:\/\/maxcorp.eu\/pl\/"},{"@type":"ListItem","position":2,"name":"Dane Kontaktowe"}]},{"@type":"WebSite","@id":"https:\/\/maxcorp.eu\/pl\/#website","url":"https:\/\/maxcorp.eu\/pl\/","name":"MAXCORP PLC","description":"Obs\u0142uga Korporacyjna","publisher":{"@id":"https:\/\/maxcorp.eu\/pl\/#organization"},"potentialAction":[{"@type":"SearchAction","target":{"@type":"EntryPoint","urlTemplate":"https:\/\/maxcorp.eu\/pl\/?s={search_term_string}"},"query-input":{"@type":"PropertyValueSpecification","valueRequired":true,"valueName":"search_term_string"}}],"inLanguage":"en-US"},{"@type":"Organization","@id":"https:\/\/maxcorp.eu\/pl\/#organization","name":"MAXCORP PLC","url":"https:\/\/maxcorp.eu\/pl\/","logo":{"@type":"ImageObject","inLanguage":"en-US","@id":"https:\/\/maxcorp.eu\/pl\/#\/schema\/logo\/image\/","url":"https:\/\/maxcorp.eu\/pl\/wp-content\/uploads\/2025\/12\/logo-retina.webp","contentUrl":"https:\/\/maxcorp.eu\/pl\/wp-content\/uploads\/2025\/12\/logo-retina.webp","width":960,"height":182,"caption":"MAXCORP PLC"},"image":{"@id":"https:\/\/maxcorp.eu\/pl\/#\/schema\/logo\/image\/"},"sameAs":["https:\/\/www.facebook.com\/Maxcorp.Corporate\/","https:\/\/www.linkedin.com\/company\/maxcorpeu","https:\/\/www.youtube.com\/@MAXCORP.Corporate"]}]}},"_links":{"self":[{"href":"https:\/\/maxcorp.eu\/pl\/wp-json\/wp\/v2\/pages\/3585","targetHints":{"allow":["GET"]}}],"collection":[{"href":"https:\/\/maxcorp.eu\/pl\/wp-json\/wp\/v2\/pages"}],"about":[{"href":"https:\/\/maxcorp.eu\/pl\/wp-json\/wp\/v2\/types\/page"}],"author":[{"embeddable":true,"href":"https:\/\/maxcorp.eu\/pl\/wp-json\/wp\/v2\/users\/1"}],"replies":[{"embeddable":true,"href":"https:\/\/maxcorp.eu\/pl\/wp-json\/wp\/v2\/comments?post=3585"}],"version-history":[{"count":122,"href":"https:\/\/maxcorp.eu\/pl\/wp-json\/wp\/v2\/pages\/3585\/revisions"}],"predecessor-version":[{"id":38236,"href":"https:\/\/maxcorp.eu\/pl\/wp-json\/wp\/v2\/pages\/3585\/revisions\/38236"}],"wp:attachment":[{"href":"https:\/\/maxcorp.eu\/pl\/wp-json\/wp\/v2\/media?parent=3585"}],"curies":[{"name":"wp","href":"https:\/\/api.w.org\/{rel}","templated":true}]}}