{"id":29,"date":"2017-01-16T04:13:20","date_gmt":"2017-01-16T04:13:20","guid":{"rendered":"http:\/\/46.101.110.163\/maxcorp\/eng\/\/?page_id=29"},"modified":"2026-04-02T16:57:57","modified_gmt":"2026-04-02T13:57:57","slug":"maxcorp","status":"publish","type":"page","link":"https:\/\/maxcorp.eu\/pl\/","title":{"rendered":"Start"},"content":{"rendered":"<p>[vc_section][vc_row rt_row_background_width=&#8221;fullwidth&#8221; rt_row_content_width=&#8221;default&#8221; rt_row_style=&#8221;default-style&#8221; rt_row_height=&#8221;&#8221; rt_column_gaps=&#8221;&#8221; rt_row_shadows=&#8221;&#8221; rt_row_paddings=&#8221;true&#8221; rt_row_borders=&#8221;&#8221; rt_bg_effect=&#8221;classic&#8221; rt_transparent_bg=&#8221;false&#8221; rt_bg_image_repeat=&#8221;repeat&#8221; rt_bg_size=&#8221;cover&#8221; rt_bg_position=&#8221;right top&#8221; rt_bg_attachment=&#8221;scroll&#8221; rt_bg_layer=&#8221;&#8221; rt_bg_video_format=&#8221;self-hosted&#8221; rt_padding_bottom=&#8221;10&#8243; rt_margin_bottom=&#8221;-5px&#8221;][vc_column rt_col_paddings=&#8221;true&#8221; rt_wrp_col_paddings=&#8221;false&#8221; rt_column_shadow=&#8221;&#8221; rt_border_top=&#8221;&#8221; rt_border_bottom=&#8221;&#8221; rt_border_left=&#8221;&#8221; rt_border_right=&#8221;&#8221; rt_border_top_mobile=&#8221;&#8221; rt_border_bottom_mobile=&#8221;&#8221; rt_border_left_mobile=&#8221;&#8221; rt_border_right_mobile=&#8221;&#8221; rt_bg_image_repeat=&#8221;repeat&#8221; rt_bg_size=&#8221;auto auto&#8221; rt_bg_position=&#8221;right top&#8221; rt_bg_attachment=&#8221;scroll&#8221;][vc_text_separator title=&#8221;Popularne jurysdykcje do rejestracji sp\u00f3\u0142ki z o.o.&#8221;][\/vc_column][\/vc_row][vc_row rt_row_background_width=&#8221;fullwidth&#8221; rt_row_content_width=&#8221;fullwidth&#8221; rt_row_style=&#8221;default-style&#8221; rt_row_height=&#8221;&#8221; rt_column_gaps=&#8221;&#8221; rt_row_shadows=&#8221;&#8221; rt_row_paddings=&#8221;true&#8221; rt_row_borders=&#8221;&#8221; rt_bg_effect=&#8221;classic&#8221; rt_transparent_bg=&#8221;false&#8221; rt_bg_image_repeat=&#8221;repeat&#8221; rt_bg_size=&#8221;cover&#8221; rt_bg_position=&#8221;right top&#8221; rt_bg_attachment=&#8221;scroll&#8221; rt_bg_layer=&#8221;&#8221; rt_bg_video_format=&#8221;self-hosted&#8221; rt_padding_top=&#8221;1px&#8221; rt_padding_bottom=&#8221;10px&#8221; rt_margin_top=&#8221;0&#8243; class=&#8221;mobile-bottom-margin&#8221;][vc_column width=&#8221;1\/4&#8243; rt_col_paddings=&#8221;true&#8221; rt_wrp_col_paddings=&#8221;false&#8221; rt_column_shadow=&#8221;&#8221; rt_border_top=&#8221;&#8221; rt_border_bottom=&#8221;&#8221; rt_border_left=&#8221;&#8221; rt_border_right=&#8221;true&#8221; rt_border_top_mobile=&#8221;&#8221; rt_border_bottom_mobile=&#8221;true&#8221; rt_border_left_mobile=&#8221;&#8221; rt_border_right_mobile=&#8221;&#8221; rt_bg_image_repeat=&#8221;repeat&#8221; rt_bg_size=&#8221;auto auto&#8221; rt_bg_position=&#8221;right top&#8221; rt_bg_attachment=&#8221;scroll&#8221; class=&#8221;text-center&#8221; rt_bg_color=&#8221;&#8221; rt_bg_overlay_color=&#8221;&#8221; offset=&#8221;vc_col-md-3&#8243; rt_padding_top=&#8221;25&#8243; rt_padding_bottom=&#8221;25&#8243;]<div class=\"rt_heading_wrapper text-center\">\n\t\t\t\t\t\t<a href=\"https:\/\/maxcorp.eu\/pl\/rejestracja-spolki\/spolka-na-litwie\/\" target=\"_self\" title=\"Sp\u00f3\u0142ka na Litwie\"><h2 class=\"rt_heading\"  style=\"font-size:23px;line-height:16px;margin-bottom:-5px;padding-bottom:0px;\"><span class=\"icon-link-ext heading_icon\"><\/span>Firma na Litwie<\/h2><\/a>\n\t\t\t\t\t<\/div><div class=\"rt_heading_wrapper\">\n\t\t\t\t\t\t<a href=\"https:\/\/maxcorp.eu\/pl\/rejestracja-spolki\/spolka-na-litwie\/\" target=\"_self\" title=\"Sp\u00f3\u0142ka na Litwie\"><h6 class=\"rt_heading\"  style=\"font-size:18px;color:#bcbcbc;line-height:16px;\">ceny od 5800 z\u0142otych<\/h6><\/a>\n\t\t\t\t\t<\/div><a href=\"https:\/\/maxcorp.eu\/pl\/rejestracja-spolki\/spolka-na-litwie\/\" title=\"\" target=\"\"><img decoding=\"async\" class=\"retina-image\" src=\"https:\/\/maxcorp.eu\/pl\/wp-content\/uploads\/2015\/01\/leedu.png\" width=\"109\" height=\"78\" alt=\"Company Formation in Lithuania\" srcset=\"https:\/\/maxcorp.eu\/pl\/wp-content\/uploads\/2017\/01\/lithuania-folder-2x.png 1.3x\" style=\"margin-bottom:25px;margin-top:10px;margin-left:15px;margin-right:15px;\" \/><\/a>[vc_column_text el_class=&#8221;home-list&#8221;]<\/p>\n<ul>\n<li>17% podatku dochodowego <span title=\"Od 2026 r. standardowa stawka CIT wynosi 17%. Ma\u0142e sp\u00f3\u0142ki mog\u0105 korzysta\u0107 z obni\u017conej stawki 7% (lub 0% przez pierwsze dwa lata dla nowo zarejestrowanych ma\u0142ych sp\u00f3\u0142ek), je\u015bli spe\u0142niaj\u0105 okre\u015blone warunki.\" data-toggle=\"tooltip\" data-placement=\"left\"  ><span class=\"ava-icon icon-info-circled \"><\/span><\/span><\/li>\n<li>Zdalna rejestracja i konto bankowe <span title=\"Pe\u0142na rejestracja sp\u00f3\u0142ki zdalnie bez wizyty, z mo\u017cliwo\u015bci\u0105 otwarcia konta fintech.\" data-toggle=\"tooltip\" data-placement=\"left\"  ><span class=\"ava-icon icon-info-circled \"><\/span><\/span><\/li>\n<li>Pe\u0142en zakres us\u0142ug korporacyjnych <span title=\"Kompleksowe us\u0142ugi na Litwie, m.in. wirtualny adres, ksi\u0119gowo\u015b\u0107, doradztwo prawno-podatkowe, rejestracja VAT.\" data-toggle=\"tooltip\" data-placement=\"left\"  ><span class=\"ava-icon icon-info-circled \"><\/span><\/span><\/li>\n<\/ul>\n<p>[\/vc_column_text]<div class=\"button_wrapper \"><a  href=\"https:\/\/maxcorp.eu\/pl\/rejestracja-spolki\/spolka-na-litwie\/\" target=\"_self\" title=\"Sp\u00f3\u0142ka na Litwie\" class=\"button_ custom-button heading-font custom medium\" style=\"background-color:transparent;\"><span>Sp\u00f3\u0142ka na Litwie<\/span><\/a><\/div>[\/vc_column][vc_column width=&#8221;1\/4&#8243; rt_col_paddings=&#8221;true&#8221; rt_wrp_col_paddings=&#8221;false&#8221; rt_column_shadow=&#8221;&#8221; rt_border_top=&#8221;&#8221; rt_border_bottom=&#8221;&#8221; rt_border_left=&#8221;&#8221; rt_border_right=&#8221;true&#8221; rt_border_top_mobile=&#8221;&#8221; rt_border_bottom_mobile=&#8221;true&#8221; rt_border_left_mobile=&#8221;&#8221; rt_border_right_mobile=&#8221;&#8221; rt_bg_image_repeat=&#8221;repeat&#8221; rt_bg_size=&#8221;auto auto&#8221; rt_bg_position=&#8221;right top&#8221; rt_bg_attachment=&#8221;scroll&#8221; class=&#8221;text-center&#8221; rt_bg_color=&#8221;&#8221; rt_bg_overlay_color=&#8221;&#8221; offset=&#8221;vc_col-md-3&#8243; rt_padding_top=&#8221;25&#8243; rt_padding_bottom=&#8221;25&#8243;]<div class=\"rt_heading_wrapper text-center\">\n\t\t\t\t\t\t<a href=\"https:\/\/maxcorp.eu\/pl\/rejestracja-spolki\/spolka-w-estonii\/\" target=\"_self\" title=\"Sp\u00f3\u0142ka w Estonii\"><h2 class=\"rt_heading\"  style=\"font-size:23px;line-height:16px;margin-bottom:-5px;padding-bottom:0px;\"><span class=\"icon-link-ext heading_icon\"><\/span>Firma w Estonii<\/h2><\/a>\n\t\t\t\t\t<\/div><div class=\"rt_heading_wrapper\">\n\t\t\t\t\t\t<a href=\"https:\/\/maxcorp.eu\/pl\/rejestracja-spolki\/spolka-w-estonii\/\" target=\"_self\" title=\"Sp\u00f3\u0142ka w Estonii\"><h6 class=\"rt_heading\"  style=\"font-size:18px;color:#bcbcbc;line-height:16px;\">ceny od 5800 z\u0142otych<\/h6><\/a>\n\t\t\t\t\t<\/div><a href=\"https:\/\/maxcorp.eu\/pl\/rejestracja-spolki\/spolka-w-estonii\/\" title=\"\" target=\"\"><img decoding=\"async\" class=\"retina-image\" src=\"https:\/\/maxcorp.eu\/pl\/wp-content\/uploads\/2017\/01\/company-formation-estonia.png\" width=\"109\" height=\"78\" alt=\"Company Formation in Estonia\" srcset=\"https:\/\/maxcorp.eu\/pl\/wp-content\/uploads\/2017\/01\/es-folder.png 1.3x\" style=\"margin-bottom:25px;margin-top:10px;margin-left:15px;margin-right:15px;\" \/><\/a>[vc_column_text el_class=&#8221;home-list&#8221;]<\/p>\n<ul>\n<li>0% podatku dochodowego <span title=\"W Estonii CIT nie jest p\u0142acony od zysk\u00f3w reinwestowanych w sp\u00f3\u0142k\u0119. Od 2026 r. CIT od wyp\u0142acanych dywidend wynosi 22% od kwoty brutto (metoda 22\/78 od kwoty netto dystrybucji).\" data-toggle=\"tooltip\" data-placement=\"left\"  ><span class=\"ava-icon icon-info-circled \"><\/span><\/span><\/li>\n<li>Zdalna rejestracja i konto bankowe <span title=\"Pe\u0142na rejestracja sp\u00f3\u0142ki zdalnie bez wizyty, z mo\u017cliwo\u015bci\u0105 otwarcia konta fintech.\" data-toggle=\"tooltip\" data-placement=\"left\"  ><span class=\"ava-icon icon-info-circled \"><\/span><\/span><\/li>\n<li>Pe\u0142en zakres us\u0142ug korporacyjnych <span title=\"Kompleksowe us\u0142ugi w Estonii, m.in. wirtualny adres, ksi\u0119gowo\u015b\u0107, doradztwo prawno-podatkowe, rejestracja VAT.\" data-toggle=\"tooltip\" data-placement=\"left\"  ><span class=\"ava-icon icon-info-circled \"><\/span><\/span><\/li>\n<\/ul>\n<p>[\/vc_column_text]<div class=\"button_wrapper \"><a  href=\"https:\/\/maxcorp.eu\/pl\/rejestracja-spolki\/spolka-w-estonii\/\" target=\"_self\" title=\"Sp\u00f3\u0142ka w Estonii\" class=\"button_ custom-button heading-font custom medium\" style=\"background-color:#8c8c8c;\" data-hover-style=\"#8c8c8c\"><span>Sp\u00f3\u0142ka w Estonii<\/span><\/a><\/div>[\/vc_column][vc_column width=&#8221;1\/4&#8243; rt_col_paddings=&#8221;true&#8221; rt_wrp_col_paddings=&#8221;false&#8221; rt_column_shadow=&#8221;&#8221; rt_border_top=&#8221;&#8221; rt_border_bottom=&#8221;&#8221; rt_border_left=&#8221;&#8221; rt_border_right=&#8221;true&#8221; rt_border_top_mobile=&#8221;&#8221; rt_border_bottom_mobile=&#8221;true&#8221; rt_border_left_mobile=&#8221;&#8221; rt_border_right_mobile=&#8221;&#8221; rt_bg_image_repeat=&#8221;repeat&#8221; rt_bg_size=&#8221;auto auto&#8221; rt_bg_position=&#8221;right top&#8221; rt_bg_attachment=&#8221;scroll&#8221; class=&#8221;text-center&#8221; rt_bg_color=&#8221;&#8221; rt_bg_overlay_color=&#8221;&#8221; offset=&#8221;vc_col-md-3&#8243; rt_padding_top=&#8221;25&#8243; rt_padding_bottom=&#8221;25&#8243;]<div class=\"rt_heading_wrapper text-center\">\n\t\t\t\t\t\t<a href=\"https:\/\/maxcorp.eu\/pl\/rejestracja-spolki\/spolka-na-lotwie\/\" target=\"_self\" title=\"Sp\u00f3\u0142ka na \u0141otwie\"><h2 class=\"rt_heading\"  style=\"font-size:23px;line-height:16px;margin-bottom:-5px;padding-bottom:0px;\"><span class=\"icon-link-ext heading_icon\"><\/span>Firma na \u0141otwie<\/h2><\/a>\n\t\t\t\t\t<\/div><div class=\"rt_heading_wrapper\">\n\t\t\t\t\t\t<a href=\"https:\/\/maxcorp.eu\/pl\/rejestracja-spolki\/spolka-na-lotwie\/\" target=\"_self\" title=\"Sp\u00f3\u0142ka na \u0141otwie\"><h6 class=\"rt_heading\"  style=\"font-size:18px;color:#bcbcbc;line-height:16px;\">ceny od 5800 z\u0142otych<\/h6><\/a>\n\t\t\t\t\t<\/div><a href=\"https:\/\/maxcorp.eu\/pl\/rejestracja-spolki\/spolka-na-lotwie\/\" title=\"\" target=\"\"><img decoding=\"async\" class=\"retina-image\" src=\"https:\/\/maxcorp.eu\/pl\/wp-content\/uploads\/2017\/01\/lati.png\" width=\"109\" height=\"78\" alt=\"Company Formation in Latvia\" srcset=\"https:\/\/maxcorp.eu\/pl\/wp-content\/uploads\/2017\/01\/latvia-folder.png 1.3x\" style=\"margin-bottom:25px;margin-top:10px;margin-left:15px;margin-right:15px;\" \/><\/a>[vc_column_text el_class=&#8221;home-list&#8221;]<\/p>\n<ul>\n<li>0% podatku dochodowego <span title=\"Na \u0141otwie CIT nie jest p\u0142acony od zysk\u00f3w reinwestowanych w sp\u00f3\u0142k\u0119. CIT w wysoko\u015bci 20% (metoda 20\/80 od kwoty netto dystrybucji) jest p\u0142acony dopiero przy wyp\u0142acie zysku jako dywidenda.\" data-toggle=\"tooltip\" data-placement=\"left\"  ><span class=\"ava-icon icon-info-circled \"><\/span><\/span><\/li>\n<li>Zdalna rejestracja i konto bankowe <span title=\"Pe\u0142na rejestracja sp\u00f3\u0142ki zdalnie bez wizyty, z mo\u017cliwo\u015bci\u0105 otwarcia konta fintech.\" data-toggle=\"tooltip\" data-placement=\"left\"  ><span class=\"ava-icon icon-info-circled \"><\/span><\/span><\/li>\n<li>Pe\u0142en zakres us\u0142ug korporacyjnych <span title=\"Kompleksowe us\u0142ugi na \u0141otwie, m.in. wirtualny adres, ksi\u0119gowo\u015b\u0107, doradztwo prawno-podatkowe, rejestracja VAT.\" data-toggle=\"tooltip\" data-placement=\"left\"  ><span class=\"ava-icon icon-info-circled \"><\/span><\/span><\/li>\n<\/ul>\n<p>[\/vc_column_text]<div class=\"button_wrapper \"><a  href=\"https:\/\/maxcorp.eu\/pl\/rejestracja-spolki\/spolka-na-lotwie\/\" target=\"_self\" title=\"Sp\u00f3\u0142ka na \u0141otwie\" class=\"button_ custom-button heading-font custom medium\" style=\"background-color:transparent;\"><span>Sp\u00f3\u0142ka na \u0141otwie<\/span><\/a><\/div>[\/vc_column][vc_column width=&#8221;1\/4&#8243; rt_col_paddings=&#8221;true&#8221; rt_wrp_col_paddings=&#8221;false&#8221; rt_column_shadow=&#8221;&#8221; rt_border_top=&#8221;&#8221; rt_border_bottom=&#8221;&#8221; rt_border_left=&#8221;&#8221; rt_border_right=&#8221;&#8221; rt_border_top_mobile=&#8221;&#8221; rt_border_bottom_mobile=&#8221;true&#8221; rt_border_left_mobile=&#8221;&#8221; rt_border_right_mobile=&#8221;&#8221; rt_bg_image_repeat=&#8221;repeat&#8221; rt_bg_size=&#8221;auto auto&#8221; rt_bg_position=&#8221;right top&#8221; rt_bg_attachment=&#8221;scroll&#8221; rt_bg_color=&#8221;&#8221; rt_bg_overlay_color=&#8221;&#8221; offset=&#8221;vc_col-md-3&#8243; rt_padding_top=&#8221;25&#8243; class=&#8221;text-center&#8221;]<div class=\"rt_heading_wrapper text-center\">\n\t\t\t\t\t\t<a href=\"https:\/\/maxcorp.eu\/pl\/rejestracja-spolki\/spolka-w-szwecji\/\" target=\"_self\" title=\"Sp\u00f3\u0142ka w Szwecji\"><h2 class=\"rt_heading\"  style=\"font-size:23px;line-height:16px;margin-bottom:-5px;padding-bottom:0px;\"><span class=\"icon-link-ext heading_icon\"><\/span>Firma w Szwecji<\/h2><\/a>\n\t\t\t\t\t<\/div><div class=\"rt_heading_wrapper\">\n\t\t\t\t\t\t<a href=\"https:\/\/maxcorp.eu\/pl\/rejestracja-spolki\/spolka-w-szwecji\/\" target=\"_self\" title=\"Sp\u00f3\u0142ka w Szwecji\"><h6 class=\"rt_heading\"  style=\"font-size:18px;color:#bcbcbc;line-height:16px;\">ceny od 8800 z\u0142otych<\/h6><\/a>\n\t\t\t\t\t<\/div><a href=\"https:\/\/maxcorp.eu\/pl\/rejestracja-spolki\/spolka-w-szwecji\/\" title=\"\" target=\"\"><img decoding=\"async\" class=\"retina-image\" src=\"https:\/\/maxcorp.eu\/pl\/wp-content\/uploads\/2019\/05\/sweden-folder-small.png\" width=\"109\" height=\"78\" alt=\"Company Formation in Sweden\" srcset=\"https:\/\/maxcorp.eu\/pl\/wp-content\/uploads\/2017\/08\/company-in-sweden-2.png 1.3x\" style=\"margin-bottom:25px;margin-top:10px;margin-left:15px;margin-right:15px;\" \/><\/a>[vc_column_text el_class=&#8221;home-list&#8221;]<\/p>\n<ul>\n<li>20,6% podatku dochodowego <span title=\"Doch\u00f3d podlegaj\u0105cy opodatkowaniu obj\u0119ty jest stawk\u0105 CIT 20,6%. Proponowane obni\u017cenie do 20% nie zosta\u0142o wprowadzone w bud\u017cecie na 2026 r.\" data-toggle=\"tooltip\" data-placement=\"left\"  ><span class=\"ava-icon icon-info-circled \"><\/span><\/span><\/li>\n<li>Zdalna rejestracja i konto bankowe <span title=\"Pe\u0142na rejestracja sp\u00f3\u0142ki zdalnie bez wizyty, z mo\u017cliwo\u015bci\u0105 otwarcia konta fintech.\" data-toggle=\"tooltip\" data-placement=\"left\"  ><span class=\"ava-icon icon-info-circled \"><\/span><\/span><\/li>\n<li>Pe\u0142en zakres us\u0142ug korporacyjnych <span title=\"Kompleksowe us\u0142ugi w Szwecji, m.in. wirtualny adres, ksi\u0119gowo\u015b\u0107, doradztwo prawno-podatkowe, rejestracja VAT.\" data-toggle=\"tooltip\" data-placement=\"left\"  ><span class=\"ava-icon icon-info-circled \"><\/span><\/span><\/li>\n<\/ul>\n<p>[\/vc_column_text]<div class=\"button_wrapper \"><a  href=\"https:\/\/maxcorp.eu\/pl\/rejestracja-spolki\/spolka-w-szwecji\/\" target=\"_self\" title=\"Sp\u00f3\u0142ka w Szwecji\" class=\"button_ custom-button heading-font custom medium\" style=\"background-color:transparent;\"><span>Sp\u00f3\u0142ka w Szwecji<\/span><\/a><\/div>[\/vc_column][\/vc_row][\/vc_section]<\/p>\n","protected":false},"excerpt":{"rendered":"<p>[vc_section][vc_row rt_row_background_width=&#8221;fullwidth&#8221; rt_row_content_width=&#8221;default&#8221; rt_row_style=&#8221;default-style&#8221; rt_row_height=&#8221;&#8221; rt_column_gaps=&#8221;&#8221; rt_row_shadows=&#8221;&#8221; rt_row_paddings=&#8221;true&#8221; rt_row_borders=&#8221;&#8221; rt_bg_effect=&#8221;classic&#8221; rt_transparent_bg=&#8221;false&#8221; rt_bg_image_repeat=&#8221;repeat&#8221; rt_bg_size=&#8221;cover&#8221; rt_bg_position=&#8221;right top&#8221; rt_bg_attachment=&#8221;scroll&#8221; rt_bg_layer=&#8221;&#8221; rt_bg_video_format=&#8221;self-hosted&#8221; rt_padding_bottom=&#8221;10&#8243; rt_margin_bottom=&#8221;-5px&#8221;][vc_column rt_col_paddings=&#8221;true&#8221; rt_wrp_col_paddings=&#8221;false&#8221; rt_column_shadow=&#8221;&#8221; rt_border_top=&#8221;&#8221; rt_border_bottom=&#8221;&#8221; rt_border_left=&#8221;&#8221; rt_border_right=&#8221;&#8221; rt_border_top_mobile=&#8221;&#8221; rt_border_bottom_mobile=&#8221;&#8221; rt_border_left_mobile=&#8221;&#8221; rt_border_right_mobile=&#8221;&#8221; rt_bg_image_repeat=&#8221;repeat&#8221; rt_bg_size=&#8221;auto auto&#8221; rt_bg_position=&#8221;right top&#8221; rt_bg_attachment=&#8221;scroll&#8221;][vc_text_separator title=&#8221;Popularne jurysdykcje do rejestracji sp\u00f3\u0142ki z o.o.&#8221;][\/vc_column][\/vc_row][vc_row rt_row_background_width=&#8221;fullwidth&#8221; rt_row_content_width=&#8221;fullwidth&#8221; rt_row_style=&#8221;default-style&#8221; rt_row_height=&#8221;&#8221; rt_column_gaps=&#8221;&#8221; rt_row_shadows=&#8221;&#8221; rt_row_paddings=&#8221;true&#8221; rt_row_borders=&#8221;&#8221; rt_bg_effect=&#8221;classic&#8221; rt_transparent_bg=&#8221;false&#8221; rt_bg_image_repeat=&#8221;repeat&#8221; [&hellip;]<\/p>\n","protected":false},"author":1,"featured_media":0,"parent":0,"menu_order":0,"comment_status":"closed","ping_status":"closed","template":"","meta":{"footnotes":""},"class_list":["post-29","page","type-page","status-publish","hentry"],"yoast_head":"<!-- This site is optimized with the Yoast SEO plugin v27.2 - https:\/\/yoast.com\/product\/yoast-seo-wordpress\/ -->\n<title>MAXCORP PLC | Us\u0142ugi korporacyjne<\/title>\n<meta name=\"description\" content=\"Ekspert ds. us\u0142ug korporacyjnych, od 1998 r. MAXCORP jest licencjonowanym dostawc\u0105 us\u0142ug, dzia\u0142aj\u0105cym g\u0142\u00f3wnie w krajach ba\u0142tyckich i Skandynawii.\" \/>\n<meta name=\"robots\" content=\"index, follow, max-snippet:-1, max-image-preview:large, max-video-preview:-1\" \/>\n<link rel=\"canonical\" href=\"https:\/\/maxcorp.eu\/pl\/\" \/>\n<meta property=\"og:locale\" content=\"en_US\" \/>\n<meta property=\"og:type\" content=\"article\" \/>\n<meta property=\"og:title\" content=\"MAXCORP PLC | Us\u0142ugi korporacyjne\" \/>\n<meta property=\"og:description\" content=\"Ekspert ds. us\u0142ug korporacyjnych, od 1998 r. MAXCORP jest licencjonowanym dostawc\u0105 us\u0142ug, dzia\u0142aj\u0105cym g\u0142\u00f3wnie w krajach ba\u0142tyckich i Skandynawii.\" \/>\n<meta property=\"og:url\" content=\"https:\/\/maxcorp.eu\/pl\/\" \/>\n<meta property=\"og:site_name\" content=\"MAXCORP PLC\" \/>\n<meta property=\"article:publisher\" content=\"https:\/\/www.facebook.com\/Maxcorp.Corporate\/\" \/>\n<meta property=\"article:modified_time\" content=\"2026-04-02T13:57:57+00:00\" \/>\n<meta name=\"twitter:card\" content=\"summary_large_image\" \/>\n<meta name=\"twitter:label1\" content=\"Est. reading time\" \/>\n\t<meta name=\"twitter:data1\" content=\"3 minutes\" \/>\n<script type=\"application\/ld+json\" class=\"yoast-schema-graph\">{\"@context\":\"https:\/\/schema.org\",\"@graph\":[{\"@type\":\"WebPage\",\"@id\":\"https:\/\/maxcorp.eu\/pl\/\",\"url\":\"https:\/\/maxcorp.eu\/pl\/\",\"name\":\"MAXCORP PLC | Us\u0142ugi korporacyjne\",\"isPartOf\":{\"@id\":\"https:\/\/maxcorp.eu\/pl\/#website\"},\"datePublished\":\"2017-01-16T04:13:20+00:00\",\"dateModified\":\"2026-04-02T13:57:57+00:00\",\"description\":\"Ekspert ds. us\u0142ug korporacyjnych, od 1998 r. MAXCORP jest licencjonowanym dostawc\u0105 us\u0142ug, dzia\u0142aj\u0105cym g\u0142\u00f3wnie w krajach ba\u0142tyckich i Skandynawii.\",\"breadcrumb\":{\"@id\":\"https:\/\/maxcorp.eu\/pl\/#breadcrumb\"},\"inLanguage\":\"en-US\",\"potentialAction\":[{\"@type\":\"ReadAction\",\"target\":[\"https:\/\/maxcorp.eu\/pl\/\"]}]},{\"@type\":\"BreadcrumbList\",\"@id\":\"https:\/\/maxcorp.eu\/pl\/#breadcrumb\",\"itemListElement\":[{\"@type\":\"ListItem\",\"position\":1,\"name\":\"Home\",\"item\":\"https:\/\/maxcorp.eu\/pl\/\"},{\"@type\":\"ListItem\",\"position\":2,\"name\":\"Start\"}]},{\"@type\":\"WebSite\",\"@id\":\"https:\/\/maxcorp.eu\/pl\/#website\",\"url\":\"https:\/\/maxcorp.eu\/pl\/\",\"name\":\"MAXCORP PLC\",\"description\":\"Obs\u0142uga Korporacyjna\",\"publisher\":{\"@id\":\"https:\/\/maxcorp.eu\/pl\/#organization\"},\"potentialAction\":[{\"@type\":\"SearchAction\",\"target\":{\"@type\":\"EntryPoint\",\"urlTemplate\":\"https:\/\/maxcorp.eu\/pl\/?s={search_term_string}\"},\"query-input\":{\"@type\":\"PropertyValueSpecification\",\"valueRequired\":true,\"valueName\":\"search_term_string\"}}],\"inLanguage\":\"en-US\"},{\"@type\":\"Organization\",\"@id\":\"https:\/\/maxcorp.eu\/pl\/#organization\",\"name\":\"MAXCORP PLC\",\"url\":\"https:\/\/maxcorp.eu\/pl\/\",\"logo\":{\"@type\":\"ImageObject\",\"inLanguage\":\"en-US\",\"@id\":\"https:\/\/maxcorp.eu\/pl\/#\/schema\/logo\/image\/\",\"url\":\"https:\/\/maxcorp.eu\/pl\/wp-content\/uploads\/2025\/12\/logo-retina.webp\",\"contentUrl\":\"https:\/\/maxcorp.eu\/pl\/wp-content\/uploads\/2025\/12\/logo-retina.webp\",\"width\":960,\"height\":182,\"caption\":\"MAXCORP PLC\"},\"image\":{\"@id\":\"https:\/\/maxcorp.eu\/pl\/#\/schema\/logo\/image\/\"},\"sameAs\":[\"https:\/\/www.facebook.com\/Maxcorp.Corporate\/\",\"https:\/\/www.linkedin.com\/company\/maxcorpeu\",\"https:\/\/www.youtube.com\/@MAXCORP.Corporate\"]}]}<\/script>\n<!-- \/ Yoast SEO plugin. -->","yoast_head_json":{"title":"MAXCORP PLC | Us\u0142ugi korporacyjne","description":"Ekspert ds. us\u0142ug korporacyjnych, od 1998 r. MAXCORP jest licencjonowanym dostawc\u0105 us\u0142ug, dzia\u0142aj\u0105cym g\u0142\u00f3wnie w krajach ba\u0142tyckich i Skandynawii.","robots":{"index":"index","follow":"follow","max-snippet":"max-snippet:-1","max-image-preview":"max-image-preview:large","max-video-preview":"max-video-preview:-1"},"canonical":"https:\/\/maxcorp.eu\/pl\/","og_locale":"en_US","og_type":"article","og_title":"MAXCORP PLC | Us\u0142ugi korporacyjne","og_description":"Ekspert ds. us\u0142ug korporacyjnych, od 1998 r. MAXCORP jest licencjonowanym dostawc\u0105 us\u0142ug, dzia\u0142aj\u0105cym g\u0142\u00f3wnie w krajach ba\u0142tyckich i Skandynawii.","og_url":"https:\/\/maxcorp.eu\/pl\/","og_site_name":"MAXCORP PLC","article_publisher":"https:\/\/www.facebook.com\/Maxcorp.Corporate\/","article_modified_time":"2026-04-02T13:57:57+00:00","twitter_card":"summary_large_image","twitter_misc":{"Est. reading time":"3 minutes"},"schema":{"@context":"https:\/\/schema.org","@graph":[{"@type":"WebPage","@id":"https:\/\/maxcorp.eu\/pl\/","url":"https:\/\/maxcorp.eu\/pl\/","name":"MAXCORP PLC | Us\u0142ugi korporacyjne","isPartOf":{"@id":"https:\/\/maxcorp.eu\/pl\/#website"},"datePublished":"2017-01-16T04:13:20+00:00","dateModified":"2026-04-02T13:57:57+00:00","description":"Ekspert ds. us\u0142ug korporacyjnych, od 1998 r. MAXCORP jest licencjonowanym dostawc\u0105 us\u0142ug, dzia\u0142aj\u0105cym g\u0142\u00f3wnie w krajach ba\u0142tyckich i Skandynawii.","breadcrumb":{"@id":"https:\/\/maxcorp.eu\/pl\/#breadcrumb"},"inLanguage":"en-US","potentialAction":[{"@type":"ReadAction","target":["https:\/\/maxcorp.eu\/pl\/"]}]},{"@type":"BreadcrumbList","@id":"https:\/\/maxcorp.eu\/pl\/#breadcrumb","itemListElement":[{"@type":"ListItem","position":1,"name":"Home","item":"https:\/\/maxcorp.eu\/pl\/"},{"@type":"ListItem","position":2,"name":"Start"}]},{"@type":"WebSite","@id":"https:\/\/maxcorp.eu\/pl\/#website","url":"https:\/\/maxcorp.eu\/pl\/","name":"MAXCORP PLC","description":"Obs\u0142uga Korporacyjna","publisher":{"@id":"https:\/\/maxcorp.eu\/pl\/#organization"},"potentialAction":[{"@type":"SearchAction","target":{"@type":"EntryPoint","urlTemplate":"https:\/\/maxcorp.eu\/pl\/?s={search_term_string}"},"query-input":{"@type":"PropertyValueSpecification","valueRequired":true,"valueName":"search_term_string"}}],"inLanguage":"en-US"},{"@type":"Organization","@id":"https:\/\/maxcorp.eu\/pl\/#organization","name":"MAXCORP PLC","url":"https:\/\/maxcorp.eu\/pl\/","logo":{"@type":"ImageObject","inLanguage":"en-US","@id":"https:\/\/maxcorp.eu\/pl\/#\/schema\/logo\/image\/","url":"https:\/\/maxcorp.eu\/pl\/wp-content\/uploads\/2025\/12\/logo-retina.webp","contentUrl":"https:\/\/maxcorp.eu\/pl\/wp-content\/uploads\/2025\/12\/logo-retina.webp","width":960,"height":182,"caption":"MAXCORP PLC"},"image":{"@id":"https:\/\/maxcorp.eu\/pl\/#\/schema\/logo\/image\/"},"sameAs":["https:\/\/www.facebook.com\/Maxcorp.Corporate\/","https:\/\/www.linkedin.com\/company\/maxcorpeu","https:\/\/www.youtube.com\/@MAXCORP.Corporate"]}]}},"_links":{"self":[{"href":"https:\/\/maxcorp.eu\/pl\/wp-json\/wp\/v2\/pages\/29","targetHints":{"allow":["GET"]}}],"collection":[{"href":"https:\/\/maxcorp.eu\/pl\/wp-json\/wp\/v2\/pages"}],"about":[{"href":"https:\/\/maxcorp.eu\/pl\/wp-json\/wp\/v2\/types\/page"}],"author":[{"embeddable":true,"href":"https:\/\/maxcorp.eu\/pl\/wp-json\/wp\/v2\/users\/1"}],"replies":[{"embeddable":true,"href":"https:\/\/maxcorp.eu\/pl\/wp-json\/wp\/v2\/comments?post=29"}],"version-history":[{"count":232,"href":"https:\/\/maxcorp.eu\/pl\/wp-json\/wp\/v2\/pages\/29\/revisions"}],"predecessor-version":[{"id":38246,"href":"https:\/\/maxcorp.eu\/pl\/wp-json\/wp\/v2\/pages\/29\/revisions\/38246"}],"wp:attachment":[{"href":"https:\/\/maxcorp.eu\/pl\/wp-json\/wp\/v2\/media?parent=29"}],"curies":[{"name":"wp","href":"https:\/\/api.w.org\/{rel}","templated":true}]}}