{"id":2657,"date":"2017-05-01T19:56:46","date_gmt":"2017-05-01T16:56:46","guid":{"rendered":"https:\/\/maxcorp.eu\/pl\/?page_id=2657"},"modified":"2026-04-03T13:04:02","modified_gmt":"2026-04-03T10:04:02","slug":"warunki-swiadczenia-uslug","status":"publish","type":"page","link":"https:\/\/maxcorp.eu\/pl\/warunki-swiadczenia-uslug\/","title":{"rendered":"Warunki \u015bwiadczenia us\u0142ug"},"content":{"rendered":"<p>[vc_row rt_row_background_width=&#8221;fullwidth&#8221; rt_row_content_width=&#8221;default&#8221; rt_row_style=&#8221;default-style&#8221; rt_row_height=&#8221;&#8221; rt_column_gaps=&#8221;&#8221; rt_row_shadows=&#8221;&#8221; rt_row_paddings=&#8221;true&#8221; rt_row_borders=&#8221;&#8221; rt_bg_effect=&#8221;classic&#8221; rt_transparent_bg=&#8221;false&#8221; rt_bg_image_repeat=&#8221;repeat&#8221; rt_bg_size=&#8221;cover&#8221; rt_bg_position=&#8221;right top&#8221; rt_bg_attachment=&#8221;scroll&#8221; rt_bg_layer=&#8221;&#8221; rt_bg_video_format=&#8221;self-hosted&#8221; rt_padding_top=&#8221;0&#8243;][vc_column rt_col_paddings=&#8221;true&#8221; rt_wrp_col_paddings=&#8221;false&#8221; rt_column_shadow=&#8221;&#8221; rt_border_top=&#8221;&#8221; rt_border_bottom=&#8221;&#8221; rt_border_left=&#8221;&#8221; rt_border_right=&#8221;&#8221; rt_border_top_mobile=&#8221;&#8221; rt_border_bottom_mobile=&#8221;&#8221; rt_border_left_mobile=&#8221;&#8221; rt_border_right_mobile=&#8221;&#8221; rt_bg_image_repeat=&#8221;repeat&#8221; rt_bg_size=&#8221;auto auto&#8221; rt_bg_position=&#8221;right top&#8221; rt_bg_attachment=&#8221;scroll&#8221;]<div class=\"rt_heading_wrapper\">\n\t\t\t\t\t\t<h4 class=\"rt_heading\"  style=\"margin-top:0px;padding-top:0px;\">Warunki \u015bwiadczenia us\u0142ug<\/h4>\n\t\t\t\t\t<\/div>[vc_column_text]<\/p>\n<p style=\"text-align: justify;\"><strong>Data wej\u015bcia w \u017cycie:<\/strong> 1 maja 2017 r. &nbsp;|&nbsp; <strong>Ostatnia aktualizacja:<\/strong> 2 kwietnia 2026 r.<\/p>\n<p style=\"text-align: justify;\">Niniejsze Warunki reguluj\u0105 korzystanie ze strony MAXCORP pod adresem <a href=\"https:\/\/www.maxcorp.eu\">www.maxcorp.eu<\/a> oraz wszystkich produkt\u00f3w i us\u0142ug \u015bwiadczonych przez MAXCORP (\u201eUs\u0142ugi&#8221;), o ile nie uzgodniono inaczej na pi\u015bmie. Korzystaj\u0105c ze strony lub zamawiaj\u0105c Us\u0142ugi, akceptujesz poni\u017csze warunki.<\/p>\n<p><strong>1. Nasze zobowi\u0105zania<\/strong><\/p>\n<p style=\"text-align: justify;\">Realizujemy zam\u00f3wienia z nale\u017cyt\u0105 staranno\u015bci\u0105 i mo\u017cliwie szybko. Potwierdzenie zam\u00f3wienia oraz wszelkie instrukcje przekazujemy e-mailem. Wi\u0105\u017c\u0105cy stosunek umowny powstaje z chwil\u0105, gdy MAXCORP potwierdzi przyj\u0119cie zam\u00f3wienia, a Klient op\u0142aci Us\u0142ug\u0119 lub potwierdzi zam\u00f3wienie zgodnie z naszymi instrukcjami. Dzia\u0142amy wy\u0142\u0105cznie na podstawie pisemnych instrukcji przekazanych e-mailem, telefonicznie, przez formularz kontaktowy lub w formie pisemnej. Nie ponosimy odpowiedzialno\u015bci za b\u0142\u0119dy wynikaj\u0105ce z nieprawid\u0142owych informacji dostarczonych przez Klienta.<\/p>\n<p style=\"text-align: justify;\">W przypadku us\u0142ug rozliczanych rocznie wysy\u0142amy przypomnienie o odnowieniu na miesi\u0105c przed zako\u0144czeniem umowy. Zastrzegamy sobie prawo do anulowania Us\u0142ug w razie braku odpowiedzi Klienta. Nie ponosimy odpowiedzialno\u015bci za roszczenia, kary ani skutki prawne dotycz\u0105ce zarejestrowanego podmiotu lub jego w\u0142a\u015bciciela.<\/p>\n<p><strong>2. Obowi\u0105zki Klienta<\/strong><\/p>\n<p style=\"text-align: justify;\">\u015awiadczenie Us\u0142ug jest mo\u017cliwe wy\u0142\u0105cznie po dostarczeniu przez Klienta kompletnych, dok\u0142adnych i terminowych instrukcji, upowa\u017cnie\u0144 oraz dokument\u00f3w niezb\u0119dnych do ich realizacji. W celu spe\u0142nienia wymog\u00f3w AML i innych przepis\u00f3w prawa Klienci s\u0105 zobowi\u0105zani przej\u015b\u0107 proces nale\u017cytej staranno\u015bci (due diligence). Brak spe\u0142nienia tych wymog\u00f3w uniemo\u017cliwia \u015bwiadczenie Us\u0142ug.<\/p>\n<p style=\"text-align: justify;\">Zgodnie z esto\u0144sk\u0105 ustaw\u0105 o przeciwdzia\u0142aniu praniu pieni\u0119dzy i finansowaniu terroryzmu (RahaPTS) MAXCORP przeprowadza procedur\u0119 KYC przed rozpocz\u0119ciem wsp\u00f3\u0142pracy oraz w okre\u015blonych sytuacjach podczas jej trwania. Klient jest zobowi\u0105zany dostarczy\u0107:<\/p>\n<ul>\n<li>kopie paszport\u00f3w i\/lub dowod\u00f3w to\u017csamo\u015bci w\u0142a\u015bcicieli rzeczywistych i innych uczestnik\u00f3w;<\/li>\n<li>potwierdzenie adresu zamieszkania w\u0142a\u015bcicieli rzeczywistych i innych uczestnik\u00f3w;<\/li>\n<li>dane kontaktowe (telefon i e-mail) w\u0142a\u015bcicieli rzeczywistych i innych uczestnik\u00f3w.<\/li>\n<\/ul>\n<p style=\"text-align: justify;\">Identyfikacja i weryfikacja Klienta odbywa si\u0119 we wsp\u00f3\u0142pracy z zewn\u0119trznym dostawc\u0105 <strong>Sum&amp;Substance<\/strong>, kt\u00f3ry przeprowadza weryfikacj\u0119 to\u017csamo\u015bci (KYC), sprawdzenie statusu PEP, kontrol\u0119 pod k\u0105tem sankcji mi\u0119dzynarodowych oraz weryfikacj\u0119 autentyczno\u015bci dokument\u00f3w.<\/p>\n<p>MAXCORP zastrzega sobie prawo do odmowy lub zako\u0144czenia \u015bwiadczenia us\u0142ug w przypadku:<\/p>\n<ul>\n<li>niepowodzenia procesu weryfikacji;<\/li>\n<li>powi\u0105za\u0144 z praniem pieni\u0119dzy, finansowaniem terroryzmu lub sankcjami;<\/li>\n<li>podania b\u0142\u0119dnych lub niekompletnych danych.<\/li>\n<\/ul>\n<p>Nie \u015bwiadczymy us\u0142ug dla:<\/p>\n<ul>\n<li>os\u00f3b eksponowanych politycznie (PEP);<\/li>\n<li>os\u00f3b i podmiot\u00f3w obj\u0119tych sankcjami mi\u0119dzynarodowymi;<\/li>\n<li>rezydent\u00f3w kraj\u00f3w wysokiego ryzyka;<\/li>\n<li>rezydent\u00f3w Federacji Rosyjskiej lub Bia\u0142orusi.<\/li>\n<\/ul>\n<p><strong>3. Korzystanie z podwykonawc\u00f3w<\/strong><\/p>\n<p style=\"text-align: justify;\">MAXCORP dzia\u0142a zazwyczaj jako agent lub koordynator projektu, organizuj\u0105c \u015bwiadczenie us\u0142ug przez podmioty trzecie zgodnie z instrukcjami Klienta. Dobieramy i nadzorujemy podwykonawc\u00f3w z nale\u017cyt\u0105 staranno\u015bci\u0105, jednak nie ponosimy odpowiedzialno\u015bci za ich dzia\u0142ania ani wyniki pracy.<\/p>\n<p><strong>4. Ceny us\u0142ug<\/strong><\/p>\n<p style=\"text-align: justify;\">Op\u0142aty za us\u0142ugi s\u0105 zgodne z wybran\u0105 opcj\u0105 i potwierdzeniem e-mailowym. Ceny nie zawieraj\u0105 VAT, chyba \u017ce wskazano inaczej. Pe\u0142na kwota z VAT (je\u015bli dotyczy) zostanie podana przed potwierdzeniem zam\u00f3wienia. Zastrzegamy sobie prawo do zmiany cen bez wcze\u015bniejszego powiadomienia.<\/p>\n<p><strong>5. Aktualizacje i zmiany<\/strong><\/p>\n<p style=\"text-align: justify;\">Strona jest stale aktualizowana. Zastrzegamy sobie prawo do zmiany lub czasowego usuni\u0119cia jej tre\u015bci bez powiadomienia. Dalsze korzystanie ze strony i Us\u0142ug po aktualizacji Warunk\u00f3w oznacza ich akceptacj\u0119.<\/p>\n<p><strong>6. Ograniczenie odpowiedzialno\u015bci<\/strong><\/p>\n<p style=\"text-align: justify;\">W granicach dozwolonych przez prawo nie ponosimy odpowiedzialno\u015bci za szkody wynikaj\u0105ce z korzystania ze strony lub jej tre\u015bci. Pomimo zachowania nale\u017cytej staranno\u015bci nie gwarantujemy dok\u0142adno\u015bci ani kompletno\u015bci zamieszczonych informacji. Materia\u0142y maj\u0105 charakter informacyjny i nie stanowi\u0105 porady prawnej ani finansowej.<\/p>\n<p><strong>7. \u015awiadczenie us\u0142ug w Estonii i za granic\u0105<\/strong><\/p>\n<p style=\"text-align: justify;\">MAXCORP \u015bwiadczy us\u0142ugi regulowane prawem esto\u0144skim i posiada wymagane licencje. Poza Estoni\u0105 nie oferuje us\u0142ug wymagaj\u0105cych odr\u0119bnego zezwolenia \u2014 w takich przypadkach wsp\u00f3\u0142pracujemy z lokalnymi licencjonowanymi partnerami.<\/p>\n<p><strong>8. Przetwarzanie danych osobowych<\/strong><\/p>\n<p style=\"text-align: justify;\">MAXCORP przetwarza dane osobowe zgodnie z obowi\u0105zuj\u0105cymi przepisami o ochronie danych, w tym RODO. Szczeg\u00f3\u0142y znajduj\u0105 si\u0119 w naszej <a href=\"https:\/\/maxcorp.eu\/pl\/polityka-prywatnosci\/\" target=\"_blank\" rel=\"noopener\">Polityce prywatno\u015bci<\/a>. Korzystaj\u0105c z Us\u0142ug, Klient akceptuje zasady przetwarzania danych.<\/p>\n<p><strong>9. Jurysdykcja<\/strong><\/p>\n<p style=\"text-align: justify;\">Wszystkie umowy mi\u0119dzy MAXCORP a Klientami podlegaj\u0105 prawu Republiki Esto\u0144skiej i jurysdykcji s\u0105d\u00f3w esto\u0144skich.<\/p>\n<p>W razie pyta\u0144 prosimy o kontakt: <a href=\"mailto:kontakt@maxcorp.eu\">kontakt@maxcorp.eu<\/a><br \/>\n[\/vc_column_text][\/vc_column][\/vc_row]<\/p>\n","protected":false},"excerpt":{"rendered":"<p>[vc_row rt_row_background_width=&#8221;fullwidth&#8221; rt_row_content_width=&#8221;default&#8221; rt_row_style=&#8221;default-style&#8221; rt_row_height=&#8221;&#8221; rt_column_gaps=&#8221;&#8221; rt_row_shadows=&#8221;&#8221; rt_row_paddings=&#8221;true&#8221; rt_row_borders=&#8221;&#8221; rt_bg_effect=&#8221;classic&#8221; rt_transparent_bg=&#8221;false&#8221; rt_bg_image_repeat=&#8221;repeat&#8221; rt_bg_size=&#8221;cover&#8221; rt_bg_position=&#8221;right top&#8221; rt_bg_attachment=&#8221;scroll&#8221; rt_bg_layer=&#8221;&#8221; rt_bg_video_format=&#8221;self-hosted&#8221; rt_padding_top=&#8221;0&#8243;][vc_column rt_col_paddings=&#8221;true&#8221; rt_wrp_col_paddings=&#8221;false&#8221; rt_column_shadow=&#8221;&#8221; rt_border_top=&#8221;&#8221; rt_border_bottom=&#8221;&#8221; rt_border_left=&#8221;&#8221; rt_border_right=&#8221;&#8221; rt_border_top_mobile=&#8221;&#8221; rt_border_bottom_mobile=&#8221;&#8221; rt_border_left_mobile=&#8221;&#8221; rt_border_right_mobile=&#8221;&#8221; rt_bg_image_repeat=&#8221;repeat&#8221; rt_bg_size=&#8221;auto auto&#8221; rt_bg_position=&#8221;right top&#8221; rt_bg_attachment=&#8221;scroll&#8221;][vc_column_text] Data wej\u015bcia w \u017cycie: 1 maja 2017 r. &nbsp;|&nbsp; Ostatnia aktualizacja: 2 kwietnia 2026 r. Niniejsze Warunki reguluj\u0105 korzystanie [&hellip;]<\/p>\n","protected":false},"author":1,"featured_media":0,"parent":0,"menu_order":0,"comment_status":"closed","ping_status":"closed","template":"","meta":{"footnotes":""},"class_list":["post-2657","page","type-page","status-publish","hentry"],"yoast_head":"<!-- This site is optimized with the Yoast SEO plugin v27.2 - https:\/\/yoast.com\/product\/yoast-seo-wordpress\/ -->\n<title>Warunki \u015bwiadczenia us\u0142ug<\/title>\n<meta name=\"robots\" content=\"index, follow, max-snippet:-1, max-image-preview:large, max-video-preview:-1\" \/>\n<link rel=\"canonical\" href=\"https:\/\/maxcorp.eu\/pl\/warunki-swiadczenia-uslug\/\" \/>\n<meta property=\"og:locale\" content=\"en_US\" \/>\n<meta property=\"og:type\" content=\"article\" \/>\n<meta property=\"og:title\" content=\"Warunki \u015bwiadczenia us\u0142ug\" \/>\n<meta property=\"og:description\" content=\"[vc_row rt_row_background_width=&#8221;fullwidth&#8221; rt_row_content_width=&#8221;default&#8221; rt_row_style=&#8221;default-style&#8221; rt_row_height=&#8221;&#8221; rt_column_gaps=&#8221;&#8221; rt_row_shadows=&#8221;&#8221; rt_row_paddings=&#8221;true&#8221; rt_row_borders=&#8221;&#8221; rt_bg_effect=&#8221;classic&#8221; rt_transparent_bg=&#8221;false&#8221; rt_bg_image_repeat=&#8221;repeat&#8221; rt_bg_size=&#8221;cover&#8221; rt_bg_position=&#8221;right top&#8221; rt_bg_attachment=&#8221;scroll&#8221; rt_bg_layer=&#8221;&#8221; rt_bg_video_format=&#8221;self-hosted&#8221; rt_padding_top=&#8221;0&#8243;][vc_column rt_col_paddings=&#8221;true&#8221; rt_wrp_col_paddings=&#8221;false&#8221; rt_column_shadow=&#8221;&#8221; rt_border_top=&#8221;&#8221; rt_border_bottom=&#8221;&#8221; rt_border_left=&#8221;&#8221; rt_border_right=&#8221;&#8221; rt_border_top_mobile=&#8221;&#8221; rt_border_bottom_mobile=&#8221;&#8221; rt_border_left_mobile=&#8221;&#8221; rt_border_right_mobile=&#8221;&#8221; rt_bg_image_repeat=&#8221;repeat&#8221; rt_bg_size=&#8221;auto auto&#8221; rt_bg_position=&#8221;right top&#8221; rt_bg_attachment=&#8221;scroll&#8221;][vc_column_text] Data wej\u015bcia w \u017cycie: 1 maja 2017 r. &nbsp;|&nbsp; Ostatnia aktualizacja: 2 kwietnia 2026 r. Niniejsze Warunki reguluj\u0105 korzystanie [&hellip;]\" \/>\n<meta property=\"og:url\" content=\"https:\/\/maxcorp.eu\/pl\/warunki-swiadczenia-uslug\/\" \/>\n<meta property=\"og:site_name\" content=\"MAXCORP PLC\" \/>\n<meta property=\"article:publisher\" content=\"https:\/\/www.facebook.com\/Maxcorp.Corporate\/\" \/>\n<meta property=\"article:modified_time\" content=\"2026-04-03T10:04:02+00:00\" \/>\n<meta name=\"twitter:card\" content=\"summary_large_image\" \/>\n<meta name=\"twitter:label1\" content=\"Est. reading time\" \/>\n\t<meta name=\"twitter:data1\" content=\"7 minutes\" \/>\n<script type=\"application\/ld+json\" class=\"yoast-schema-graph\">{\"@context\":\"https:\/\/schema.org\",\"@graph\":[{\"@type\":\"WebPage\",\"@id\":\"https:\/\/maxcorp.eu\/pl\/warunki-swiadczenia-uslug\/\",\"url\":\"https:\/\/maxcorp.eu\/pl\/warunki-swiadczenia-uslug\/\",\"name\":\"Warunki \u015bwiadczenia us\u0142ug\",\"isPartOf\":{\"@id\":\"https:\/\/maxcorp.eu\/pl\/#website\"},\"datePublished\":\"2017-05-01T16:56:46+00:00\",\"dateModified\":\"2026-04-03T10:04:02+00:00\",\"breadcrumb\":{\"@id\":\"https:\/\/maxcorp.eu\/pl\/warunki-swiadczenia-uslug\/#breadcrumb\"},\"inLanguage\":\"en-US\",\"potentialAction\":[{\"@type\":\"ReadAction\",\"target\":[\"https:\/\/maxcorp.eu\/pl\/warunki-swiadczenia-uslug\/\"]}]},{\"@type\":\"BreadcrumbList\",\"@id\":\"https:\/\/maxcorp.eu\/pl\/warunki-swiadczenia-uslug\/#breadcrumb\",\"itemListElement\":[{\"@type\":\"ListItem\",\"position\":1,\"name\":\"Home\",\"item\":\"https:\/\/maxcorp.eu\/pl\/\"},{\"@type\":\"ListItem\",\"position\":2,\"name\":\"Warunki \u015bwiadczenia us\u0142ug\"}]},{\"@type\":\"WebSite\",\"@id\":\"https:\/\/maxcorp.eu\/pl\/#website\",\"url\":\"https:\/\/maxcorp.eu\/pl\/\",\"name\":\"MAXCORP PLC\",\"description\":\"Obs\u0142uga Korporacyjna\",\"publisher\":{\"@id\":\"https:\/\/maxcorp.eu\/pl\/#organization\"},\"potentialAction\":[{\"@type\":\"SearchAction\",\"target\":{\"@type\":\"EntryPoint\",\"urlTemplate\":\"https:\/\/maxcorp.eu\/pl\/?s={search_term_string}\"},\"query-input\":{\"@type\":\"PropertyValueSpecification\",\"valueRequired\":true,\"valueName\":\"search_term_string\"}}],\"inLanguage\":\"en-US\"},{\"@type\":\"Organization\",\"@id\":\"https:\/\/maxcorp.eu\/pl\/#organization\",\"name\":\"MAXCORP PLC\",\"url\":\"https:\/\/maxcorp.eu\/pl\/\",\"logo\":{\"@type\":\"ImageObject\",\"inLanguage\":\"en-US\",\"@id\":\"https:\/\/maxcorp.eu\/pl\/#\/schema\/logo\/image\/\",\"url\":\"https:\/\/maxcorp.eu\/pl\/wp-content\/uploads\/2025\/12\/logo-retina.webp\",\"contentUrl\":\"https:\/\/maxcorp.eu\/pl\/wp-content\/uploads\/2025\/12\/logo-retina.webp\",\"width\":960,\"height\":182,\"caption\":\"MAXCORP PLC\"},\"image\":{\"@id\":\"https:\/\/maxcorp.eu\/pl\/#\/schema\/logo\/image\/\"},\"sameAs\":[\"https:\/\/www.facebook.com\/Maxcorp.Corporate\/\",\"https:\/\/www.linkedin.com\/company\/maxcorpeu\",\"https:\/\/www.youtube.com\/@MAXCORP.Corporate\"]}]}<\/script>\n<!-- \/ Yoast SEO plugin. -->","yoast_head_json":{"title":"Warunki \u015bwiadczenia us\u0142ug","robots":{"index":"index","follow":"follow","max-snippet":"max-snippet:-1","max-image-preview":"max-image-preview:large","max-video-preview":"max-video-preview:-1"},"canonical":"https:\/\/maxcorp.eu\/pl\/warunki-swiadczenia-uslug\/","og_locale":"en_US","og_type":"article","og_title":"Warunki \u015bwiadczenia us\u0142ug","og_description":"[vc_row rt_row_background_width=&#8221;fullwidth&#8221; rt_row_content_width=&#8221;default&#8221; rt_row_style=&#8221;default-style&#8221; rt_row_height=&#8221;&#8221; rt_column_gaps=&#8221;&#8221; rt_row_shadows=&#8221;&#8221; rt_row_paddings=&#8221;true&#8221; rt_row_borders=&#8221;&#8221; rt_bg_effect=&#8221;classic&#8221; rt_transparent_bg=&#8221;false&#8221; rt_bg_image_repeat=&#8221;repeat&#8221; rt_bg_size=&#8221;cover&#8221; rt_bg_position=&#8221;right top&#8221; rt_bg_attachment=&#8221;scroll&#8221; rt_bg_layer=&#8221;&#8221; rt_bg_video_format=&#8221;self-hosted&#8221; rt_padding_top=&#8221;0&#8243;][vc_column rt_col_paddings=&#8221;true&#8221; rt_wrp_col_paddings=&#8221;false&#8221; rt_column_shadow=&#8221;&#8221; rt_border_top=&#8221;&#8221; rt_border_bottom=&#8221;&#8221; rt_border_left=&#8221;&#8221; rt_border_right=&#8221;&#8221; rt_border_top_mobile=&#8221;&#8221; rt_border_bottom_mobile=&#8221;&#8221; rt_border_left_mobile=&#8221;&#8221; rt_border_right_mobile=&#8221;&#8221; rt_bg_image_repeat=&#8221;repeat&#8221; rt_bg_size=&#8221;auto auto&#8221; rt_bg_position=&#8221;right top&#8221; rt_bg_attachment=&#8221;scroll&#8221;][vc_column_text] Data wej\u015bcia w \u017cycie: 1 maja 2017 r. &nbsp;|&nbsp; Ostatnia aktualizacja: 2 kwietnia 2026 r. Niniejsze Warunki reguluj\u0105 korzystanie [&hellip;]","og_url":"https:\/\/maxcorp.eu\/pl\/warunki-swiadczenia-uslug\/","og_site_name":"MAXCORP PLC","article_publisher":"https:\/\/www.facebook.com\/Maxcorp.Corporate\/","article_modified_time":"2026-04-03T10:04:02+00:00","twitter_card":"summary_large_image","twitter_misc":{"Est. reading time":"7 minutes"},"schema":{"@context":"https:\/\/schema.org","@graph":[{"@type":"WebPage","@id":"https:\/\/maxcorp.eu\/pl\/warunki-swiadczenia-uslug\/","url":"https:\/\/maxcorp.eu\/pl\/warunki-swiadczenia-uslug\/","name":"Warunki \u015bwiadczenia us\u0142ug","isPartOf":{"@id":"https:\/\/maxcorp.eu\/pl\/#website"},"datePublished":"2017-05-01T16:56:46+00:00","dateModified":"2026-04-03T10:04:02+00:00","breadcrumb":{"@id":"https:\/\/maxcorp.eu\/pl\/warunki-swiadczenia-uslug\/#breadcrumb"},"inLanguage":"en-US","potentialAction":[{"@type":"ReadAction","target":["https:\/\/maxcorp.eu\/pl\/warunki-swiadczenia-uslug\/"]}]},{"@type":"BreadcrumbList","@id":"https:\/\/maxcorp.eu\/pl\/warunki-swiadczenia-uslug\/#breadcrumb","itemListElement":[{"@type":"ListItem","position":1,"name":"Home","item":"https:\/\/maxcorp.eu\/pl\/"},{"@type":"ListItem","position":2,"name":"Warunki \u015bwiadczenia us\u0142ug"}]},{"@type":"WebSite","@id":"https:\/\/maxcorp.eu\/pl\/#website","url":"https:\/\/maxcorp.eu\/pl\/","name":"MAXCORP PLC","description":"Obs\u0142uga Korporacyjna","publisher":{"@id":"https:\/\/maxcorp.eu\/pl\/#organization"},"potentialAction":[{"@type":"SearchAction","target":{"@type":"EntryPoint","urlTemplate":"https:\/\/maxcorp.eu\/pl\/?s={search_term_string}"},"query-input":{"@type":"PropertyValueSpecification","valueRequired":true,"valueName":"search_term_string"}}],"inLanguage":"en-US"},{"@type":"Organization","@id":"https:\/\/maxcorp.eu\/pl\/#organization","name":"MAXCORP PLC","url":"https:\/\/maxcorp.eu\/pl\/","logo":{"@type":"ImageObject","inLanguage":"en-US","@id":"https:\/\/maxcorp.eu\/pl\/#\/schema\/logo\/image\/","url":"https:\/\/maxcorp.eu\/pl\/wp-content\/uploads\/2025\/12\/logo-retina.webp","contentUrl":"https:\/\/maxcorp.eu\/pl\/wp-content\/uploads\/2025\/12\/logo-retina.webp","width":960,"height":182,"caption":"MAXCORP PLC"},"image":{"@id":"https:\/\/maxcorp.eu\/pl\/#\/schema\/logo\/image\/"},"sameAs":["https:\/\/www.facebook.com\/Maxcorp.Corporate\/","https:\/\/www.linkedin.com\/company\/maxcorpeu","https:\/\/www.youtube.com\/@MAXCORP.Corporate"]}]}},"_links":{"self":[{"href":"https:\/\/maxcorp.eu\/pl\/wp-json\/wp\/v2\/pages\/2657","targetHints":{"allow":["GET"]}}],"collection":[{"href":"https:\/\/maxcorp.eu\/pl\/wp-json\/wp\/v2\/pages"}],"about":[{"href":"https:\/\/maxcorp.eu\/pl\/wp-json\/wp\/v2\/types\/page"}],"author":[{"embeddable":true,"href":"https:\/\/maxcorp.eu\/pl\/wp-json\/wp\/v2\/users\/1"}],"replies":[{"embeddable":true,"href":"https:\/\/maxcorp.eu\/pl\/wp-json\/wp\/v2\/comments?post=2657"}],"version-history":[{"count":43,"href":"https:\/\/maxcorp.eu\/pl\/wp-json\/wp\/v2\/pages\/2657\/revisions"}],"predecessor-version":[{"id":38250,"href":"https:\/\/maxcorp.eu\/pl\/wp-json\/wp\/v2\/pages\/2657\/revisions\/38250"}],"wp:attachment":[{"href":"https:\/\/maxcorp.eu\/pl\/wp-json\/wp\/v2\/media?parent=2657"}],"curies":[{"name":"wp","href":"https:\/\/api.w.org\/{rel}","templated":true}]}}